{"id":29939,"date":"2022-05-29T11:12:12","date_gmt":"2022-05-29T09:12:12","guid":{"rendered":"https:\/\/ww3.www.teldat.com\/servicios\/servicios-generales\/instalacion-y-despliegues\/"},"modified":"2025-04-04T15:06:51","modified_gmt":"2025-04-04T13:06:51","slug":"instalacion-y-despliegue","status":"publish","type":"page","link":"https:\/\/teldatnwp-dev.azurewebsites.net\/es\/servicios\/servicios-generales\/instalacion-y-despliegue\/","title":{"rendered":"Instalaci\u00f3n y Despliegue"},"content":{"rendered":"<p>[et_pb_section fb_built=\u00bb1&#8243; _builder_version=\u00bb4.25.0&#8243; _module_preset=\u00bbdefault\u00bb background_image=\u00bb\/wp-content\/uploads\/2024\/06\/Teldat-main-services.webp\u00bb min_height=\u00bb520px\u00bb height_tablet=\u00bb\u00bb height_phone=\u00bb374px\u00bb height_last_edited=\u00bbon|phone\u00bb custom_margin_tablet=\u00bb\u00bb custom_margin_phone=\u00bb||-96px||false|false\u00bb custom_margin_last_edited=\u00bbon|phone\u00bb global_colors_info=\u00bb{}\u00bb][et_pb_row column_structure=\u00bb1_2,1_2&#8243; _builder_version=\u00bb4.17.3&#8243; _module_preset=\u00bbdefault\u00bb width_tablet=\u00bb71%\u00bb width_phone=\u00bb81%\u00bb width_last_edited=\u00bbon|phone\u00bb module_alignment=\u00bbcenter\u00bb min_height_tablet=\u00bb\u00bb min_height_phone=\u00bb\u00bb min_height_last_edited=\u00bbon|phone\u00bb height_tablet=\u00bb\u00bb height_phone=\u00bb591px\u00bb height_last_edited=\u00bbon|phone\u00bb custom_margin=\u00bb35px|auto|41px|auto||\u00bb custom_padding=\u00bb1px||0px|||\u00bb module_alignment_tablet=\u00bbleft\u00bb module_alignment_phone=\u00bbleft\u00bb module_alignment_last_edited=\u00bbon|tablet\u00bb global_colors_info=\u00bb{}\u00bb][et_pb_column type=\u00bb1_2&#8243; _builder_version=\u00bb4.17.3&#8243; _module_preset=\u00bbdefault\u00bb global_colors_info=\u00bb{}\u00bb][et_pb_text _builder_version=\u00bb4.17.3&#8243; _module_preset=\u00bbdefault\u00bb text_font=\u00bb|300|||||||\u00bb text_font_size=\u00bb20px\u00bb header_text_align=\u00bbleft\u00bb header_6_text_align=\u00bbleft\u00bb header_6_text_color=\u00bb#0099BB\u00bb background_color=\u00bbrgba(241,246,246,0.66)\u00bb width=\u00bb127%\u00bb custom_margin=\u00bb|-76px|-2px|||\u00bb custom_padding=\u00bb54px|24px|54px|33px||\u00bb border_color_all=\u00bb#0099BB\u00bb border_style_all=\u00bbnone\u00bb border_width_left=\u00bb6px\u00bb border_color_left=\u00bb#32244A\u00bb border_style_left=\u00bbsolid\u00bb global_colors_info=\u00bb{}\u00bb]<\/p>\n<h1>Servicios Teldat<\/h1>\n<p>Servicios de instalaci\u00f3n, mantenimiento, reparaciones y<br \/>gesti\u00f3n de proyectos de comunicaciones<br \/>garantizando siempre la satisfacci\u00f3n de los clientes.<\/p>\n<p>[\/et_pb_text][\/et_pb_column][et_pb_column type=\u00bb1_2&#8243; _builder_version=\u00bb4.17.3&#8243; _module_preset=\u00bbdefault\u00bb global_colors_info=\u00bb{}\u00bb][\/et_pb_column][\/et_pb_row][\/et_pb_section][et_pb_section fb_built=\u00bb1&#8243; _builder_version=\u00bb4.17.3&#8243; _module_preset=\u00bbdefault\u00bb custom_padding=\u00bb3px||2px|||\u00bb locked=\u00bboff\u00bb global_colors_info=\u00bb{}\u00bb][et_pb_row _builder_version=\u00bb4.17.3&#8243; _module_preset=\u00bbdefault\u00bb custom_padding=\u00bb7px||9px|||\u00bb global_colors_info=\u00bb{}\u00bb][et_pb_column type=\u00bb4_4&#8243; _builder_version=\u00bb4.17.3&#8243; _module_preset=\u00bbdefault\u00bb global_colors_info=\u00bb{}\u00bb][et_pb_code _builder_version=\u00bb4.17.3&#8243; _module_preset=\u00bbdefault\u00bb text_orientation=\u00bbleft\u00bb custom_margin=\u00bb||-3px|||\u00bb global_colors_info=\u00bb{}\u00bb]<?php if (function_exists('rank_math_the_breadcrumbs')) rank_math_the_breadcrumbs(); ?> <nav aria-label=\"breadcrumbs\" class=\"rank-math-breadcrumb\"><p><span class=\"last\">Home<\/span><\/p><\/nav>[\/et_pb_code][\/et_pb_column][\/et_pb_row][\/et_pb_section][et_pb_section fb_built=\u00bb1&#8243; _builder_version=\u00bb4.17.3&#8243; _module_preset=\u00bbdefault\u00bb custom_padding=\u00bb3px||33px|||\u00bb global_colors_info=\u00bb{}\u00bb][et_pb_row _builder_version=\u00bb4.17.3&#8243; _module_preset=\u00bbdefault\u00bb custom_padding=\u00bb1px||0px|||\u00bb global_colors_info=\u00bb{}\u00bb][et_pb_column type=\u00bb4_4&#8243; _builder_version=\u00bb4.17.3&#8243; _module_preset=\u00bbdefault\u00bb global_colors_info=\u00bb{}\u00bb][et_pb_text _builder_version=\u00bb4.17.3&#8243; _module_preset=\u00bbdefault\u00bb custom_margin=\u00bb36px||-1px|||\u00bb global_colors_info=\u00bb{}\u00bb]<\/p>\n<div class=\"row\">\n<div class=\"col-xs-12 col-sm-12 col-md-6 col-lg-6 col-lg-offset-6\">\n<h2 class=\"h3-morado-first\" style=\"text-align: left;\">Instalaci\u00f3n y Despliegues<\/h2>\n<\/div>\n<\/div>\n<div class=\"row\"><\/div>\n<p>[\/et_pb_text][et_pb_text _builder_version=\u00bb4.17.3&#8243; _module_preset=\u00bbdefault\u00bb text_text_color=\u00bb#0099BB\u00bb header_2_font=\u00bb|300|||||||\u00bb header_2_text_color=\u00bb#0099BB\u00bb header_3_text_color=\u00bb#0099BB\u00bb header_3_font_size=\u00bb26px\u00bb text_orientation=\u00bbcenter\u00bb custom_margin=\u00bb5px||5px||true|false\u00bb custom_padding=\u00bb5px|0px||0px|false|true\u00bb custom_padding_tablet=\u00bb5px|0px||0px|false|true\u00bb custom_padding_phone=\u00bb|0px||0px|false|true\u00bb custom_padding_last_edited=\u00bbon|phone\u00bb global_colors_info=\u00bb{}\u00bb]<\/p>\n<h3 style=\"text-align: left;\">Integra-T proporciona servicios de instalaci\u00f3n y despliegue de equipamiento personalizados para cada cliente, ofreciendo en cada caso \u00fanicamente la rama de alternativas que mejor se ajusten a sus necesidades.<\/h3>\n<p>[\/et_pb_text][\/et_pb_column][\/et_pb_row][et_pb_row column_structure=\u00bb2_5,3_5&#8243; _builder_version=\u00bb4.17.3&#8243; _module_preset=\u00bbdefault\u00bb custom_margin=\u00bb31px|auto||auto||\u00bb custom_padding=\u00bb1px|||||\u00bb global_colors_info=\u00bb{}\u00bb][et_pb_column type=\u00bb2_5&#8243; _builder_version=\u00bb4.17.3&#8243; _module_preset=\u00bbdefault\u00bb global_colors_info=\u00bb{}\u00bb][et_pb_image src=\u00bb\/wp-content\/uploads\/2024\/06\/Installation-and-deployment-Teldat.webp\u00bb alt=\u00bbInstallation and deployment Teldat\u00bb title_text=\u00bbInstallation and deployment Teldat\u00bb align=\u00bbcenter\u00bb _builder_version=\u00bb4.25.0&#8243; _module_preset=\u00bbdefault\u00bb global_colors_info=\u00bb{}\u00bb][\/et_pb_image][\/et_pb_column][et_pb_column type=\u00bb3_5&#8243; _builder_version=\u00bb4.17.3&#8243; _module_preset=\u00bbdefault\u00bb global_colors_info=\u00bb{}\u00bb][et_pb_text _builder_version=\u00bb4.17.3&#8243; _module_preset=\u00bbdefault\u00bb text_font=\u00bb|300|||||||\u00bb global_colors_info=\u00bb{}\u00bb]<\/p>\n<p>Integra-T est\u00e1 especializada en la ejecuci\u00f3n de proyectos de instalaci\u00f3n y despliegue que requieren una gesti\u00f3n centralizada y eficiente de instalaciones simult\u00e1neas en ubicaciones que se encuentran distribuidas por todo el territorio nacional.<\/p>\n<p>El personal t\u00e9cnico de campo que realiza las intervenciones en los puntos de destino, dispone de la formaci\u00f3n necesaria para poder realizar con plena satisfacci\u00f3n del cliente las actividades de instalaci\u00f3n, configuraci\u00f3n, puesta en marcha y verificaci\u00f3n de todo el equipamiento valorando las condiciones \u00f3ptimas para cada instalaci\u00f3n y haciendo uso de toda la experiencia de Teldat en instalaciones y despliegues de infraestructuras de comunicaci\u00f3n.<\/p>\n<p>La actividad de Integra-T dentro de los servicios de instalaciones y despliegues se divide por un lado en instalaciones de equipamiento de comunicaciones Teldat y por otro en la instalaci\u00f3n de equipamiento y dispositivos para la implementaci\u00f3n de servicios de valor a\u00f1adido como Marketing Din\u00e1mico, Eficiencia Energ\u00e9tica y Comunicaciones Unificadas.<\/p>\n<p>Integra-T dispone de una estructura jer\u00e1rquica relacionada con las actividades de los proyectos que desarrolla, con cobertura de todo el territorio nacional.<\/p>\n<p>[\/et_pb_text][\/et_pb_column][\/et_pb_row][\/et_pb_section][et_pb_section fb_built=\u00bb1&#8243; admin_label=\u00bbSecci\u00f3n\u00bb _builder_version=\u00bb4.17.3&#8243; _module_preset=\u00bbdefault\u00bb background_color=\u00bb#F1F6F6&#8243; animation_style=\u00bbfade\u00bb global_colors_info=\u00bb{}\u00bb][et_pb_row _builder_version=\u00bb4.17.3&#8243; _module_preset=\u00bbdefault\u00bb custom_padding=\u00bb34px||34px||true|\u00bb global_colors_info=\u00bb{}\u00bb][et_pb_column type=\u00bb4_4&#8243; _builder_version=\u00bb4.17.3&#8243; _module_preset=\u00bbdefault\u00bb global_colors_info=\u00bb{}\u00bb][et_pb_text module_id=\u00bbresults\u00bb _builder_version=\u00bb4.17.4&#8243; _module_preset=\u00bbdefault\u00bb custom_margin=\u00bb0px||30px||false|false\u00bb custom_padding=\u00bb5px||15px|||\u00bb global_colors_info=\u00bb{}\u00bb]<\/p>\n<h2 class=\"text-center txt-color-a h3-5g\" style=\"text-align: center;\">Lea nuestros \u00faltimos posts<\/h2>\n<p>[\/et_pb_text][et_pb_blog fullwidth=\u00bboff\u00bb posts_number=\u00bb3&#8243; include_categories=\u00bb1166,1161,1163,1162,1160,1172,1158,1165,1153,1168,1155,1159,1156,1174,1169,1170,1171,1154,1157,1167,1173,1164,14&#8243; show_more=\u00bbon\u00bb module_class=\u00bbblog_igualado\u00bb _builder_version=\u00bb4.20.0&#8243; _module_preset=\u00bbdefault\u00bb body_font=\u00bb|300|||||||\u00bb body_font_size=\u00bb16px\u00bb body_line_height=\u00bb1.5em\u00bb meta_font=\u00bb||||||||\u00bb meta_text_color=\u00bb#6694A5&#8243; meta_font_size=\u00bb14px\u00bb meta_line_height=\u00bb1.3em\u00bb read_more_font=\u00bb|300|||||||\u00bb read_more_text_color=\u00bb#45993C\u00bb read_more_line_height=\u00bb2em\u00bb pagination_text_color=\u00bb#45993C\u00bb display_conditions=\u00bbW10=\u00bb box_shadow_style=\u00bbpreset3&#8243; global_module=\u00bb22025&#8243; locked=\u00bboff\u00bb global_colors_info=\u00bb{}\u00bb][\/et_pb_blog][\/et_pb_column][\/et_pb_row][\/et_pb_section]<\/p>\n","protected":false},"excerpt":{"rendered":"<p>Servicios Teldat Servicios de instalaci\u00f3n, mantenimiento, reparaciones ygesti\u00f3n de proyectos de comunicacionesgarantizando siempre la satisfacci\u00f3n de los clientes. <nav aria-label=\"breadcrumbs\" class=\"rank-math-breadcrumb\"><p><span class=\"last\">Home<\/span><\/p><\/nav> Instalaci\u00f3n y Despliegues Integra-T proporciona servicios de instalaci\u00f3n y despliegue de equipamiento personalizados para cada cliente, ofreciendo en cada caso \u00fanicamente la rama de alternativas que mejor se ajusten a sus necesidades.Integra-T est\u00e1 especializada en la [&hellip;]<\/p>\n","protected":false},"author":234,"featured_media":0,"parent":8295,"menu_order":0,"comment_status":"closed","ping_status":"closed","template":"","meta":{"_acf_changed":false,"_et_pb_use_builder":"on","_et_pb_old_content":"","_et_gb_content_width":"","footnotes":""},"class_list":["post-29939","page","type-page","status-publish","hentry"],"acf":[],"wpml_current_locale":"es_ES","wpml_translations":[{"locale":"en_US","id":3336,"slug":"installation-and-deployment","post_title":"Installation and Deployment","href":"https:\/\/teldatnwp-dev.azurewebsites.net\/services\/general-services\/installation-and-deployment\/"}],"_links":{"self":[{"href":"https:\/\/teldatnwp-dev.azurewebsites.net\/es\/wp-json\/wp\/v2\/pages\/29939","targetHints":{"allow":["GET"]}}],"collection":[{"href":"https:\/\/teldatnwp-dev.azurewebsites.net\/es\/wp-json\/wp\/v2\/pages"}],"about":[{"href":"https:\/\/teldatnwp-dev.azurewebsites.net\/es\/wp-json\/wp\/v2\/types\/page"}],"author":[{"embeddable":true,"href":"https:\/\/teldatnwp-dev.azurewebsites.net\/es\/wp-json\/wp\/v2\/users\/234"}],"replies":[{"embeddable":true,"href":"https:\/\/teldatnwp-dev.azurewebsites.net\/es\/wp-json\/wp\/v2\/comments?post=29939"}],"version-history":[{"count":0,"href":"https:\/\/teldatnwp-dev.azurewebsites.net\/es\/wp-json\/wp\/v2\/pages\/29939\/revisions"}],"up":[{"embeddable":true,"href":"https:\/\/teldatnwp-dev.azurewebsites.net\/es\/wp-json\/wp\/v2\/pages\/8295"}],"wp:attachment":[{"href":"https:\/\/teldatnwp-dev.azurewebsites.net\/es\/wp-json\/wp\/v2\/media?parent=29939"}],"curies":[{"name":"wp","href":"https:\/\/api.w.org\/{rel}","templated":true}]}}