{"id":3851,"date":"2022-05-29T21:49:15","date_gmt":"2022-05-29T19:49:15","guid":{"rendered":"https:\/\/www.teldat.com\/politica-de-cookies\/"},"modified":"2025-07-29T17:46:43","modified_gmt":"2025-07-29T15:46:43","slug":"politica-de-cookies","status":"publish","type":"page","link":"https:\/\/teldatnwp-dev.azurewebsites.net\/es\/politica-de-cookies\/","title":{"rendered":"Pol\u00edtica de Cookies"},"content":{"rendered":"<p>[et_pb_section fb_built=\u00bb1&#8243; _builder_version=\u00bb4.25.0&#8243; _module_preset=\u00bbdefault\u00bb background_image=\u00bb\/wp-content\/uploads\/2024\/06\/Cookies-Policy-Teldat.webp\u00bb height_tablet=\u00bb\u00bb height_phone=\u00bb374px\u00bb height_last_edited=\u00bbon|phone\u00bb custom_margin_tablet=\u00bb\u00bb custom_margin_phone=\u00bb||-57px||false|false\u00bb custom_margin_last_edited=\u00bbon|phone\u00bb global_colors_info=\u00bb{}\u00bb][et_pb_row column_structure=\u00bb1_2,1_2&#8243; _builder_version=\u00bb4.17.3&#8243; _module_preset=\u00bbdefault\u00bb width_tablet=\u00bb71%\u00bb width_phone=\u00bb81%\u00bb width_last_edited=\u00bbon|phone\u00bb module_alignment=\u00bbcenter\u00bb min_height_tablet=\u00bb\u00bb min_height_phone=\u00bb\u00bb min_height_last_edited=\u00bbon|phone\u00bb height_tablet=\u00bb\u00bb height_phone=\u00bb591px\u00bb height_last_edited=\u00bbon|phone\u00bb custom_margin=\u00bb35px|auto|41px|auto||\u00bb custom_padding=\u00bb1px||0px|||\u00bb module_alignment_tablet=\u00bbleft\u00bb module_alignment_phone=\u00bbleft\u00bb module_alignment_last_edited=\u00bbon|tablet\u00bb global_colors_info=\u00bb{}\u00bb][et_pb_column type=\u00bb1_2&#8243; _builder_version=\u00bb4.17.3&#8243; _module_preset=\u00bbdefault\u00bb global_colors_info=\u00bb{}\u00bb][et_pb_text _builder_version=\u00bb4.17.3&#8243; _module_preset=\u00bbdefault\u00bb text_font=\u00bb|300|||||||\u00bb text_font_size=\u00bb20px\u00bb header_text_align=\u00bbleft\u00bb header_6_text_align=\u00bbleft\u00bb header_6_text_color=\u00bb#0099BB\u00bb background_color=\u00bbrgba(241,246,246,0.66)\u00bb width=\u00bb130.3%\u00bb custom_margin=\u00bb|-76px|-2px|||\u00bb custom_padding=\u00bb54px|24px|54px|33px||\u00bb border_color_all=\u00bb#0099BB\u00bb border_style_all=\u00bbnone\u00bb border_width_left=\u00bb6px\u00bb border_color_left=\u00bb#32244A\u00bb border_style_left=\u00bbsolid\u00bb global_colors_info=\u00bb{}\u00bb]<\/p>\n<h1 class=\"text-center h1-5g\">Pol\u00edtica de Cookies<\/h1>\n<p>[\/et_pb_text][\/et_pb_column][et_pb_column type=\u00bb1_2&#8243; _builder_version=\u00bb4.17.3&#8243; _module_preset=\u00bbdefault\u00bb global_colors_info=\u00bb{}\u00bb][\/et_pb_column][\/et_pb_row][\/et_pb_section][et_pb_section fb_built=\u00bb1&#8243; _builder_version=\u00bb4.17.3&#8243; _module_preset=\u00bbdefault\u00bb custom_padding=\u00bb3px||2px|||\u00bb locked=\u00bboff\u00bb global_colors_info=\u00bb{}\u00bb][et_pb_row _builder_version=\u00bb4.17.3&#8243; _module_preset=\u00bbdefault\u00bb custom_padding=\u00bb7px||9px|||\u00bb global_colors_info=\u00bb{}\u00bb][et_pb_column type=\u00bb4_4&#8243; _builder_version=\u00bb4.17.3&#8243; _module_preset=\u00bbdefault\u00bb global_colors_info=\u00bb{}\u00bb][et_pb_code _builder_version=\u00bb4.17.3&#8243; _module_preset=\u00bbdefault\u00bb text_orientation=\u00bbleft\u00bb custom_margin=\u00bb||-3px|||\u00bb global_colors_info=\u00bb{}\u00bb]<!--?php if (function_exists('rank_math_the_breadcrumbs')) rank_math_the_breadcrumbs(); ?--> <nav aria-label=\"breadcrumbs\" class=\"rank-math-breadcrumb\"><p><span class=\"last\">Home<\/span><\/p><\/nav>[\/et_pb_code][\/et_pb_column][\/et_pb_row][\/et_pb_section][et_pb_section fb_built=\u00bb1&#8243; module_id=\u00bbSolution\u00bb _builder_version=\u00bb4.17.3&#8243; _module_preset=\u00bbdefault\u00bb background_enable_color=\u00bboff\u00bb min_height=\u00bb712.5px\u00bb custom_padding=\u00bb22px||21px|||\u00bb animation_style=\u00bbfade\u00bb global_colors_info=\u00bb{}\u00bb][et_pb_row _builder_version=\u00bb4.17.3&#8243; _module_preset=\u00bbdefault\u00bb custom_padding=\u00bb0px||0px|||\u00bb global_colors_info=\u00bb{}\u00bb][et_pb_column type=\u00bb4_4&#8243; _builder_version=\u00bb4.17.3&#8243; _module_preset=\u00bbdefault\u00bb global_colors_info=\u00bb{}\u00bb][et_pb_text module_id=\u00bbsolution\u00bb _builder_version=\u00bb4.17.3&#8243; _module_preset=\u00bbdefault\u00bb custom_margin=\u00bb36px||18px|||\u00bb global_colors_info=\u00bb{}\u00bb]<\/p>\n<h2 style=\"text-align: center;\">Pol\u00edtica de Cookies<\/h2>\n<p>[\/et_pb_text][\/et_pb_column][\/et_pb_row][et_pb_row _builder_version=\u00bb4.17.3&#8243; _module_preset=\u00bbdefault\u00bb global_colors_info=\u00bb{}\u00bb][et_pb_column type=\u00bb4_4&#8243; _builder_version=\u00bb4.17.3&#8243; _module_preset=\u00bbdefault\u00bb global_colors_info=\u00bb{}\u00bb][et_pb_text _builder_version=\u00bb4.27.4&#8243; _module_preset=\u00bbdefault\u00bb text_font=\u00bb|300|||||||\u00bb header_3_text_color=\u00bb#0099BB\u00bb header_3_font_size=\u00bb26px\u00bb global_colors_info=\u00bb{}\u00bb]<\/p>\n<div id=\"c36819\" class=\"csc-default\">\n<div class=\"csc-textpic-text\">\n<h3>1.Informaci\u00f3n y pol\u00edtica de cookies de Teldat S.A.U.<\/h3>\n<p>Este sitio web de Teldat S.A.U. al igual que la mayor\u00eda de portales en Internet, usa cookies para mejorar la experiencia de navegaci\u00f3n del usuario, analizar el uso de la web y. Nuestras cookies o las cookies que usamos de terceros no reconocen a ning\u00fan usuario de forma personal. En esta p\u00e1gina le proporcionamos informaci\u00f3n sobre qu\u00e9 son cookies, que cookies usamos y como puede configurar el uso de las cookies en su navegador web.<\/p>\n<h3>\u00a0<\/h3>\n<h3>\u00a0<\/h3>\n<h3>2.\u00bfQu\u00e9 son las cookies?<\/h3>\n<p>Las cookies son peque\u00f1os archivos de texto que se almacenan en su equipo al visitar sitios web. Son ampliamente utilizados con el fin de hacer que los sitios web funcionen, o funcionen de manera m\u00e1s eficiente, as\u00ed como para proporcionar informaci\u00f3n a los propietarios del sitio sobre el uso de su web.<\/p>\n<p>Hay cookies de muy diferentes tipos y formas diferentes de clasificarlas: (a) Seg\u00fan quien sea la entidad que gestione el dominio desde donde se env\u00edan las cookies y trate los datos que se obtengan se pueden distinguir dos tipos: cookies propias y cookies de terceros. (b) Existe tambi\u00e9n una segunda clasificaci\u00f3n seg\u00fan el plazo de tiempo que permanecen almacenadas en el navegador del cliente, pudiendo tratarse de cookies de sesi\u00f3n o cookies persistentes. (c) Por \u00faltimo, existe otra clasificaci\u00f3n con cinco tipos de cookies seg\u00fan la finalidad para la que se traten los datos obtenidos: cookies t\u00e9cnicas, cookies de personalizaci\u00f3n, cookies de an\u00e1lisis, cookies publicitarias y cookies de publicidad comportamental.<\/p>\n<p>Para m\u00e1s informaci\u00f3n a este respecto puede consultar la Gu\u00eda sobre el uso de las cookies de la Agencia Espa\u00f1ola de Protecci\u00f3n de Datos. En los siguientes puntos, encontrar\u00e1 una descripci\u00f3n general de cada tipo e informaci\u00f3n m\u00e1s detallada del uso que hacemos de cada tipo de cookie.<\/p>\n<h3>\u00a0<\/h3>\n<h3>\u00a0<\/h3>\n<h3>3. Cookies necesarias<\/h3>\n<p>Las cookies necesarias ayudan a hacer una p\u00e1gina web utilizable activando funciones b\u00e1sicas como la navegaci\u00f3n en la p\u00e1gina y el acceso a \u00e1reas seguras de la p\u00e1gina web. La p\u00e1gina web no puede funcionar adecuadamente sin estas cookies. (a) civicCookieControl. Es la cookie que guarda su selecci\u00f3n para mostrar el mensaje de cookies o no. La cookie tiene una duraci\u00f3n de un a\u00f1o. (b) PHP cookie de sesi\u00f3n: PHPSESSID es nativa de programaci\u00f3n PHP y permite a los sitios web almacenar datos de estado que pasan por m\u00e1s de una p\u00e1gina. En nuestro sitio web se utiliza para establecer una sesi\u00f3n de usuario y para transmitir datos de estado a trav\u00e9s de una cookie temporal, que se conoce com\u00fanmente como una cookie de sesi\u00f3n. Como la cookie PHPSESSID no tiene caducidad, desaparece cuando el cliente est\u00e1 cerrado. (c) Cookies de login: Cuando un usuario registrado hace login en la web se almacenan las cookies WebTeldat2009_autologin, WebTeldat2009_username y WebTeldat2009_password (contenido cifrado) para gestionar su estado. Tiene una duraci\u00f3n de un a\u00f1o.<\/p>\n<h3>\u00a0<\/h3>\n<h3>\u00a0<\/h3>\n<h3>4. Cookies de personalizaci\u00f3n<\/h3>\n<p>Las cookies de personalizaci\u00f3n permiten a la p\u00e1gina web recordar informaci\u00f3n que cambia la forma en que la p\u00e1gina se comporta o el aspecto que tiene, como su idioma preferido o la regi\u00f3n en la que usted se encuentra. Selecci\u00f3n del idioma: Es una cookie propia, WebTeldat2009_Idioma_cookie, que guarda la selecci\u00f3n del idioma de la web durante un a\u00f1o.<\/p>\n<h3>\u00a0<\/h3>\n<h3>\u00a0<\/h3>\n<h3>5. Cookies de an\u00e1lisis (estad\u00edsticas web).<\/h3>\n<p>Las cookies estad\u00edsticas ayudan a los propietarios de p\u00e1ginas web a comprender c\u00f3mo interact\u00faan los visitantes con las p\u00e1ginas web reuniendo y proporcionando informaci\u00f3n de forma an\u00f3nima. Nuestra p\u00e1gina web utiliza Google Analytics, un servicio de anal\u00edtica web desarrollada por Google, que permite la medici\u00f3n y an\u00e1lisis de la navegaci\u00f3n en las p\u00e1ginas web. En su navegador podr\u00e1 observar 4 cookies de este servicio (google.com con los nombres _ga, __utma, __utmb, __utmc\u00b8__utmz). Se trata de cookies propias, de sesi\u00f3n y de an\u00e1lisis. Dependiendo de la configuraci\u00f3n de la p\u00e1gina tambi\u00e9n pueden registrarse los datos de forma diferente con doubleclick.net, pero tienen el mismo objetivo. A trav\u00e9s de la anal\u00edtica web de Google Analytics obtenemos informaci\u00f3n relativa al n\u00famero de usuarios que acceden a la web, el n\u00famero de p\u00e1ginas vistas, la frecuencia y repetici\u00f3n de las visitas, su duraci\u00f3n, el navegador utilizado, el operador que presta el servicio, el idioma, el terminal que utiliza, o la ciudad a la que est\u00e1 asignada su direcci\u00f3n IP. Informaci\u00f3n que posibilita un mejor y m\u00e1s apropiado servicio por parte de este portal. Puede encontrar m\u00e1s informaci\u00f3n al respecto u optar por inhabilitar Google Analytics. Google tiene m\u00e1s informaci\u00f3n disponible acerca de sus directrices de privacidad de remarketing, Pol\u00edticas y Restricciones.<\/p>\n<h3>\u00a0<\/h3>\n<h3>\u00a0<\/h3>\n<h3>6. Cookies publicitarias y de publicidad comportamental<\/h3>\n<p>Las cookies de marketing se utilizan para rastrear a los visitantes en las p\u00e1ginas web. La intenci\u00f3n es mostrar anuncios relevantes y atractivos para el usuario individual, y por lo tanto, m\u00e1s valiosos para los editores y terceros anunciantes. Vale la pena se\u00f1alar que la desactivaci\u00f3n de cookies de publicidad no significa que usted no ver\u00e1 anuncios, simplemente que no se adaptar\u00e1n sus intereses de navegaci\u00f3n reciente. (a) Google AdWords: Registramos con una cookie de conversi\u00f3n si un usuario viene de uno de nuestros anuncios de Google AdWords y contacta con nosotros v\u00eda uno de nuestros formularios. Esta informaci\u00f3n nos ayuda a entender qu\u00e9 anuncios funcionan mejor. Para este fin Google coloca las cookies \u00abConversion\u00bb y PREF (google.XX, donde XX var\u00eda seg\u00fan su pa\u00eds). (b) Remarketing: Utilizamos datos anal\u00edticos y la cookie de DobleClic para servir nuestros anuncios de Google AdWords en webs de terceros, basados en visitas anteriores del usuario a nuestro sitio web. Los visitantes del sitio web pueden optar por excluirse de la cookie de DobleClic, visitando la p\u00e1gina de Google de inhabilitaci\u00f3n de cookies o pueden optar por no permitir el seguimiento con Google Analytics, visitado la p\u00e1gina de inhabilitaci\u00f3n de Google Analytics.Google tiene m\u00e1s informaci\u00f3n disponible acerca de sus directrices de privacidad de remarketing, Pol\u00edticas y Restricciones.<\/p>\n<h3>\u00a0<\/h3>\n<h3>\u00a0<\/h3>\n<h3>7. Otras cookies de terceros<\/h3>\n<p>Es posible se instalen cookies de terceros aunque no sean usuarios registrados en las correspondientes plataformas, y para ellos no contendr\u00e1n ninguna informaci\u00f3n personal o relevante. Suele darse el caso al dar a alguno de los botones sociales que navega a la web de terceros correspondiente. Realmente no somos nosotros el origen de la cookie. Listamos a continuaci\u00f3n las m\u00e1s comunes de cada plataforma (Las cookies pueden variar con el tiempo): (a) Google+ maps y local: test_cookie, NID, OTZ, PREF, ID de canal. Sus finalidades est\u00e1n descritas en la p\u00e1gina de Cookies de Google. (b) Facebook: datr, reg_fb_gate y reg_fb_ref. Sus finalidades est\u00e1n descritas en la p\u00e1gina de Cookies de Facebook. (c) LinkedIn: JSESSIONID, visit, bcookie, S-LI-IDC, L1e, X-LI-IDC, _qca, RT, __utma, __utmb, __utmc, __utmz, __utmv, leo_auth_token, lang. Sus finalidades est\u00e1n descritas en la p\u00e1gina de Cookies de LinkedIn. (d) Twitter: guest_id, __utma, __utmb, __utmc, __utmz, original_referer y _twitter_sess. Sus finalidades est\u00e1n descritas en la p\u00e1gina de Privacidad de Twitter. (e) YouTube: YSC, PREF, VISITOR_INFO1_LIVE, PREF. A YouTube le gusta saber que tenemos embebido su video y a\u00f1adir informaci\u00f3n relevante. Para m\u00e1s informaci\u00f3n vea la p\u00e1gina de privacidad de YouTube. (h) Datos de Flash: Es un caso particular, porque su dominio es s.ytimg.com, pero es originada por los videos de YouTube que usan Flash. ytimg.com es sin\u00f3nimo de \u00abYouTube image\u00bb. Las im\u00e1genes de YouTube, como miniaturas e iconos provienen de ese dominio. Cuando subimos un video a Youtube, a ese video Youtube le coloca una imagen de alguna secci\u00f3n del video y esa imagen ser\u00e1 la que se ver\u00e1 siempre cuando no hayamos dado play al video. A la vez, deja la cookie flash settings.sol, que almacena nuestras preferencias si damos con el bot\u00f3n derecho del rat\u00f3n en el video. M\u00e1s informaci\u00f3n\u2026 (ingl\u00e9s).<\/p>\n<h3>\u00a0<\/h3>\n<h3>\u00a0<\/h3>\n<h3>8. \u00bfConfiguraci\u00f3n del uso de las cookies?<\/h3>\n<p>Este sitio no requiere usar cookies para su funcionamiento, pero tenga en cuenta que si las desactivas en tu navegador, habr\u00e1 muchos sitios que dejan de funcionar correctamente o podr\u00e1 perder informaci\u00f3n de inter\u00e9s, si no recuerda de activarlas de nuevo.<\/p>\n<p>A continuaci\u00f3n les resumimos como desactivar o activar las cookies dependiendo del navegador que utilice. A trav\u00e9s de los enlaces en los t\u00edtulos tambi\u00e9n puede acceder a la p\u00e1gina de ayuda de cada fabricante. (a) Internet Explorer: Haga clic en el bot\u00f3n de \u00abHerramientas\u00bb que est\u00e1 ubicado en el men\u00fa del navegador y seleccione \u00abOpciones de internet\u00bb. Haga clic en la pesta\u00f1a de \u00abPrivacidad\u00bb y desde ah\u00ed mueve el control deslizante para poder ajustar la privacidad a sus necesidades. (b) Firefox: Haga clic en el bot\u00f3n de \u00abHerramientas\u00bb que est\u00e1 ubicado en el men\u00fa del navegador, seleccione \u00abOpciones\u00bb y seleccione la pesta\u00f1a \u00abPrivacidad\u00bb. En la secci\u00f3n \u00abHistorial\u00bb debe seleccionar la opci\u00f3n \u00abUsar una configuraci\u00f3n personalizada para el historial\u00bb. Marque la opci\u00f3n \u00abAceptar cookies\u00bb para activarla o d\u00e9jela desmarcada para no aceptarlas. Firefox tambi\u00e9n le da la opci\u00f3n de elegir la duraci\u00f3n de las cookies. Haga clic en aceptar para guardar los cambios. (c) Google Chrome o Chrome para Android: Haga clic en el bot\u00f3n de herramientas que est\u00e1 ubicado en la parte superior derecha (las tres rayas verticales). Seleccione \u00abConfiguraci\u00f3n\u00bb y al final de la p\u00e1gina haga clic en el enlace \u00abMostrar opciones avanzadas&#8230;\u00bb para desplegar esta parte. En la secci\u00f3n de \u00abPrivacidad\u00bb haga clic el bot\u00f3n de \u00abConfiguraci\u00f3n de contenido&#8230;\u00bb y desde la secci\u00f3n de \u00abCookies\u00bb podr\u00e1 configurar la recepci\u00f3n de cookies. (d) Safari o Safari para iOS: Haga clic en el bot\u00f3n de herramientas que est\u00e1 ubicado en la parte superior derecha (la rueda dentada) y seleccione \u00abPreferencias&#8230;\u00bb. Abra la pesta\u00f1a \u00abPrivacidad\u00bb y marca la opci\u00f3n que quiera de la secci\u00f3n \u00abBloquear cookies\u00bb.<\/p>\n<p>&nbsp;<\/p>\n<p>&nbsp;<\/p>\n<h3>9. Aceptaci\u00f3n de cookies<\/h3>\n<p>Si sigue navegando despu\u00e9s de haberle informado sobre nuestra Pol\u00edtica de cookies entendemos que acepta la utilizaci\u00f3n de las cookies. Al acceder a este sitio web o aplicaci\u00f3n por primera vez, ver\u00e1 una ventana donde se le informa de la utilizaci\u00f3n de las cookies y donde puede consultar esta pol\u00edtica de cookies. Si usted consiente la utilizaci\u00f3n de cookies, contin\u00faa navegando o hace clic en alg\u00fan link se entender\u00e1 que usted ha consentido nuestra pol\u00edtica de cookies y, por tanto, la instalaci\u00f3n de las mismas en su equipo o dispositivo. Adem\u00e1s del uso de nuestras cookies propias, permitimos a terceros establecer cookies y acceder a ellas en su ordenador. El consentimiento del uso de las cookies de estas empresas est\u00e1 ligado a la navegaci\u00f3n por este sitio web.<\/p>\n<p>&nbsp;<\/p>\n<p>&nbsp;<\/p>\n<h3>10. Privacy policy<\/h3>\n<p>Aunque no afecta a las cookies, para su conveniencia, puede consultar tambi\u00e9n nuestra pol\u00edtica de privacidad.\u00a0<\/p>\n<p>&nbsp;<\/p>\n<\/div>\n<\/div>\n<p>[\/et_pb_text][\/et_pb_column][\/et_pb_row][\/et_pb_section][et_pb_section fb_built=\u00bb1&#8243; admin_label=\u00bbSecci\u00f3n\u00bb _builder_version=\u00bb4.17.3&#8243; _module_preset=\u00bbdefault\u00bb animation_style=\u00bbfade\u00bb global_colors_info=\u00bb{}\u00bb][et_pb_row _builder_version=\u00bb4.17.3&#8243; _module_preset=\u00bbdefault\u00bb custom_padding=\u00bb34px||2px||false|\u00bb global_colors_info=\u00bb{}\u00bb][et_pb_column type=\u00bb4_4&#8243; _builder_version=\u00bb4.17.3&#8243; _module_preset=\u00bbdefault\u00bb global_colors_info=\u00bb{}\u00bb][et_pb_text module_id=\u00bbresults\u00bb _builder_version=\u00bb4.17.3&#8243; _module_preset=\u00bbdefault\u00bb custom_margin=\u00bb1px||18px|||\u00bb global_colors_info=\u00bb{}\u00bb]<\/p>\n<h2 class=\"text-center txt-color-a h3-5g\" style=\"text-align: center;\">Lee nuestros \u00faltimos Blog post sobre An\u00e1lisis del Tr\u00e1fico de Red<\/h2>\n<p>[\/et_pb_text][\/et_pb_column][\/et_pb_row][et_pb_row _builder_version=\u00bb4.17.3&#8243; _module_preset=\u00bbdefault\u00bb global_colors_info=\u00bb{}\u00bb][et_pb_column type=\u00bb4_4&#8243; _builder_version=\u00bb4.17.3&#8243; _module_preset=\u00bbdefault\u00bb global_colors_info=\u00bb{}\u00bb][et_pb_blog fullwidth=\u00bboff\u00bb posts_number=\u00bb3&#8243; show_categories=\u00bboff\u00bb _builder_version=\u00bb4.17.3&#8243; _module_preset=\u00bbdefault\u00bb meta_text_color=\u00bb#6694A5&#8243; meta_font_size=\u00bb14px\u00bb global_colors_info=\u00bb{}\u00bb][\/et_pb_blog][\/et_pb_column][\/et_pb_row][\/et_pb_section]<\/p>\n","protected":false},"excerpt":{"rendered":"<p>Pol\u00edtica de Cookies <nav aria-label=\"breadcrumbs\" class=\"rank-math-breadcrumb\"><p><span class=\"last\">Home<\/span><\/p><\/nav>Pol\u00edtica de Cookies 1.Informaci\u00f3n y pol\u00edtica de cookies de Teldat S.A.U. Este sitio web de Teldat S.A.U. al igual que la mayor\u00eda de portales en Internet, usa cookies para mejorar la experiencia de navegaci\u00f3n del usuario, analizar el uso de la web y. Nuestras cookies o las cookies que usamos de terceros [&hellip;]<\/p>\n","protected":false},"author":234,"featured_media":0,"parent":0,"menu_order":0,"comment_status":"closed","ping_status":"closed","template":"","meta":{"_acf_changed":false,"_et_pb_use_builder":"on","_et_pb_old_content":"","_et_gb_content_width":"","footnotes":""},"class_list":["post-3851","page","type-page","status-publish","hentry"],"acf":[],"wpml_current_locale":"es_ES","wpml_translations":[{"locale":"en_US","id":3469,"slug":"cookies-policy","post_title":"Cookies policy","href":"https:\/\/teldatnwp-dev.azurewebsites.net\/cookies-policy\/"}],"_links":{"self":[{"href":"https:\/\/teldatnwp-dev.azurewebsites.net\/es\/wp-json\/wp\/v2\/pages\/3851","targetHints":{"allow":["GET"]}}],"collection":[{"href":"https:\/\/teldatnwp-dev.azurewebsites.net\/es\/wp-json\/wp\/v2\/pages"}],"about":[{"href":"https:\/\/teldatnwp-dev.azurewebsites.net\/es\/wp-json\/wp\/v2\/types\/page"}],"author":[{"embeddable":true,"href":"https:\/\/teldatnwp-dev.azurewebsites.net\/es\/wp-json\/wp\/v2\/users\/234"}],"replies":[{"embeddable":true,"href":"https:\/\/teldatnwp-dev.azurewebsites.net\/es\/wp-json\/wp\/v2\/comments?post=3851"}],"version-history":[{"count":1,"href":"https:\/\/teldatnwp-dev.azurewebsites.net\/es\/wp-json\/wp\/v2\/pages\/3851\/revisions"}],"predecessor-version":[{"id":70918,"href":"https:\/\/teldatnwp-dev.azurewebsites.net\/es\/wp-json\/wp\/v2\/pages\/3851\/revisions\/70918"}],"wp:attachment":[{"href":"https:\/\/teldatnwp-dev.azurewebsites.net\/es\/wp-json\/wp\/v2\/media?parent=3851"}],"curies":[{"name":"wp","href":"https:\/\/api.w.org\/{rel}","templated":true}]}}