{"id":3866,"date":"2022-05-29T21:02:58","date_gmt":"2022-05-29T19:02:58","guid":{"rendered":"https:\/\/www.teldat.com\/cursos-a-medida\/"},"modified":"2024-06-04T14:14:20","modified_gmt":"2024-06-04T12:14:20","slug":"cursos-a-medida","status":"publish","type":"page","link":"https:\/\/teldatnwp-dev.azurewebsites.net\/es\/servicios\/formacion\/cursos-a-medida\/","title":{"rendered":"Cursos a Medida"},"content":{"rendered":"<p>[et_pb_section fb_built=\u00bb1&#8243; _builder_version=\u00bb4.25.0&#8243; _module_preset=\u00bbdefault\u00bb background_image=\u00bb\/wp-content\/uploads\/2024\/06\/Teldat-Training.webp\u00bb min_height=\u00bb520px\u00bb height_tablet=\u00bb\u00bb height_phone=\u00bb374px\u00bb height_last_edited=\u00bbon|phone\u00bb custom_margin_tablet=\u00bb\u00bb custom_margin_phone=\u00bb||-96px||false|false\u00bb custom_margin_last_edited=\u00bbon|phone\u00bb hover_enabled=\u00bb0&#8243; global_colors_info=\u00bb{}\u00bb alt=\u00bbTeldat Training\u00bb title_text=\u00bbTeldat Training\u00bb sticky_enabled=\u00bb0&#8243;][et_pb_row column_structure=\u00bb1_2,1_2&#8243; _builder_version=\u00bb4.17.3&#8243; _module_preset=\u00bbdefault\u00bb width_tablet=\u00bb71%\u00bb width_phone=\u00bb81%\u00bb width_last_edited=\u00bbon|phone\u00bb module_alignment=\u00bbcenter\u00bb min_height_tablet=\u00bb\u00bb min_height_phone=\u00bb\u00bb min_height_last_edited=\u00bbon|phone\u00bb height_tablet=\u00bb\u00bb height_phone=\u00bb591px\u00bb height_last_edited=\u00bbon|phone\u00bb custom_margin=\u00bb35px|auto|41px|auto||\u00bb custom_padding=\u00bb1px||0px|||\u00bb module_alignment_tablet=\u00bbleft\u00bb module_alignment_phone=\u00bbleft\u00bb module_alignment_last_edited=\u00bbon|tablet\u00bb global_colors_info=\u00bb{}\u00bb][et_pb_column type=\u00bb1_2&#8243; _builder_version=\u00bb4.17.3&#8243; _module_preset=\u00bbdefault\u00bb global_colors_info=\u00bb{}\u00bb][et_pb_text _builder_version=\u00bb4.17.3&#8243; _module_preset=\u00bbdefault\u00bb text_font=\u00bb|300|||||||\u00bb text_font_size=\u00bb20px\u00bb header_text_align=\u00bbleft\u00bb header_6_text_align=\u00bbleft\u00bb header_6_text_color=\u00bb#0099BB\u00bb background_color=\u00bbrgba(241,246,246,0.66)\u00bb width=\u00bb111.2%\u00bb custom_margin=\u00bb|-76px|-2px|||\u00bb custom_padding=\u00bb54px|24px|54px|33px||\u00bb border_color_all=\u00bb#0099BB\u00bb border_style_all=\u00bbnone\u00bb border_width_left=\u00bb6px\u00bb border_color_left=\u00bb#32244A\u00bb border_style_left=\u00bbsolid\u00bb global_colors_info=\u00bb{}\u00bb]<\/p>\n<h1>Servicios Teldat<\/h1>\n<p>Servicios de formaci\u00f3n adaptados a las necesidades de cada cliente<\/p>\n<p>[\/et_pb_text][\/et_pb_column][et_pb_column type=\u00bb1_2&#8243; _builder_version=\u00bb4.17.3&#8243; _module_preset=\u00bbdefault\u00bb global_colors_info=\u00bb{}\u00bb][\/et_pb_column][\/et_pb_row][\/et_pb_section][et_pb_section fb_built=\u00bb1&#8243; _builder_version=\u00bb4.17.3&#8243; _module_preset=\u00bbdefault\u00bb custom_padding=\u00bb3px||2px|||\u00bb locked=\u00bboff\u00bb global_colors_info=\u00bb{}\u00bb][et_pb_row _builder_version=\u00bb4.17.3&#8243; _module_preset=\u00bbdefault\u00bb custom_padding=\u00bb7px||9px|||\u00bb global_colors_info=\u00bb{}\u00bb][et_pb_column type=\u00bb4_4&#8243; _builder_version=\u00bb4.17.3&#8243; _module_preset=\u00bbdefault\u00bb global_colors_info=\u00bb{}\u00bb][et_pb_code _builder_version=\u00bb4.17.3&#8243; _module_preset=\u00bbdefault\u00bb text_orientation=\u00bbleft\u00bb custom_margin=\u00bb||-3px|||\u00bb global_colors_info=\u00bb{}\u00bb]<?php if (function_exists('rank_math_the_breadcrumbs')) rank_math_the_breadcrumbs(); ?> <nav aria-label=\"breadcrumbs\" class=\"rank-math-breadcrumb\"><p><span class=\"last\">Home<\/span><\/p><\/nav>[\/et_pb_code][\/et_pb_column][\/et_pb_row][\/et_pb_section][et_pb_section fb_built=\u00bb1&#8243; _builder_version=\u00bb4.17.3&#8243; _module_preset=\u00bbdefault\u00bb custom_padding=\u00bb3px||33px|||\u00bb global_colors_info=\u00bb{}\u00bb][et_pb_row _builder_version=\u00bb4.17.3&#8243; _module_preset=\u00bbdefault\u00bb custom_padding=\u00bb1px||0px|||\u00bb global_colors_info=\u00bb{}\u00bb][et_pb_column type=\u00bb4_4&#8243; _builder_version=\u00bb4.17.3&#8243; _module_preset=\u00bbdefault\u00bb global_colors_info=\u00bb{}\u00bb][et_pb_text _builder_version=\u00bb4.17.3&#8243; _module_preset=\u00bbdefault\u00bb custom_margin=\u00bb36px||-1px|||\u00bb global_colors_info=\u00bb{}\u00bb]<\/p>\n<div class=\"row\">\n<div class=\"col-xs-12 col-sm-12 col-md-6 col-lg-6 col-lg-offset-6\">\n<h2 class=\"h3-morado-first\" style=\"text-align: left;\">Cursos a Medida<\/h2>\n<\/div>\n<\/div>\n<div class=\"row\"><\/div>\n<p>[\/et_pb_text][et_pb_text _builder_version=\u00bb4.17.4&#8243; _module_preset=\u00bbdefault\u00bb text_text_color=\u00bb#0099BB\u00bb header_2_font=\u00bb|300|||||||\u00bb header_2_text_color=\u00bb#0099BB\u00bb header_3_text_color=\u00bb#0099BB\u00bb header_3_font_size=\u00bb26px\u00bb text_orientation=\u00bbcenter\u00bb custom_margin=\u00bb||-1px|||\u00bb custom_padding=\u00bb5px|1px||1px|false|true\u00bb custom_padding_tablet=\u00bb5px|0px||0px|false|true\u00bb custom_padding_phone=\u00bb|0px||0px|false|true\u00bb custom_padding_last_edited=\u00bbon|desktop\u00bb global_colors_info=\u00bb{}\u00bb]<\/p>\n<h3 style=\"text-align: left;\">Con el fin de cubrir las necesidades de formaci\u00f3n de nuestros clientes, Integra-T ofrece la posibilidad de elaborar cursos personalizados en funci\u00f3n de dichas necesidades.<\/h3>\n<p>[\/et_pb_text][\/et_pb_column][\/et_pb_row][et_pb_row column_structure=\u00bb1_3,2_3&#8243; _builder_version=\u00bb4.17.3&#8243; _module_preset=\u00bbdefault\u00bb custom_margin=\u00bb31px|auto||auto||\u00bb custom_padding=\u00bb1px|||||\u00bb global_colors_info=\u00bb{}\u00bb][et_pb_column type=\u00bb1_3&#8243; _builder_version=\u00bb4.17.3&#8243; _module_preset=\u00bbdefault\u00bb global_colors_info=\u00bb{}\u00bb][et_pb_image src=\u00bb\/wp-content\/uploads\/2024\/06\/Customized-courses-by-Teldat.webp\u00bb alt=\u00bbCustomized courses by Teldat\u00bb title_text=\u00bbCustomized courses by Teldat\u00bb align=\u00bbcenter\u00bb _builder_version=\u00bb4.25.0&#8243; _module_preset=\u00bbdefault\u00bb min_height=\u00bb233px\u00bb hover_enabled=\u00bb0&#8243; global_colors_info=\u00bb{}\u00bb sticky_enabled=\u00bb0&#8243;][\/et_pb_image][\/et_pb_column][et_pb_column type=\u00bb2_3&#8243; _builder_version=\u00bb4.17.3&#8243; _module_preset=\u00bbdefault\u00bb global_colors_info=\u00bb{}\u00bb][et_pb_text _builder_version=\u00bb4.17.3&#8243; _module_preset=\u00bbdefault\u00bb text_font=\u00bb|300|||||||\u00bb global_colors_info=\u00bb{}\u00bb]<\/p>\n<p>Con el fin de cubrir las necesidades de formaci\u00f3n de nuestros clientes, Integra-T ofrece la posibilidad de elaborar cursos personalizados en funci\u00f3n de dichas necesidades.<\/p>\n<p>Para la impartici\u00f3n de estos cursos, Integra-T cuenta con diversas aulas de formaci\u00f3n. Cada aula dispone de puestos de aprendizaje y sistemas audiovisuales adecuados para la correcta impartici\u00f3n de los cursos.<\/p>\n<p>Integra-T ofrece adem\u00e1s la posibilidad de impartir los cursos en las instalaciones del cliente, desplazando al personal docente y el material necesario para ello.<\/p>\n<p>Los cursos a medida se desarrollan teniendo en cuenta los conocimientos previos de los asistentes a cada curso y los conocimientos que desean recibir. El temario de cada curso se elabora conjuntamente con el cliente y puede incluir todos los apartados necesarios sobre los productos y tecnolog\u00edas de Teldat; Internetworking, Telefon\u00eda IP, Marketing Din\u00e1mico, Eficiencia Energ\u00e9tica, Comunicaciones Unificadas, etc.<\/p>\n<p>[\/et_pb_text][\/et_pb_column][\/et_pb_row][\/et_pb_section][et_pb_section fb_built=\u00bb1&#8243; admin_label=\u00bbSecci\u00f3n\u00bb _builder_version=\u00bb4.17.4&#8243; _module_preset=\u00bbdefault\u00bb background_color=\u00bb#F1F6F6&#8243; custom_margin_tablet=\u00bb\u00bb custom_margin_phone=\u00bb||20px||false|false\u00bb custom_margin_last_edited=\u00bbon|phone\u00bb animation_style=\u00bbfade\u00bb locked=\u00bboff\u00bb global_colors_info=\u00bb{}\u00bb][et_pb_row _builder_version=\u00bb4.17.4&#8243; _module_preset=\u00bbdefault\u00bb custom_padding=\u00bb15px||15px||true|false\u00bb global_colors_info=\u00bb{}\u00bb][et_pb_column type=\u00bb4_4&#8243; _builder_version=\u00bb4.17.3&#8243; _module_preset=\u00bbdefault\u00bb global_colors_info=\u00bb{}\u00bb][et_pb_text module_id=\u00bbresults\u00bb _builder_version=\u00bb4.17.4&#8243; _module_preset=\u00bbdefault\u00bb custom_margin=\u00bb||30px||false|false\u00bb custom_padding=\u00bb5px||5px||true|false\u00bb global_colors_info=\u00bb{}\u00bb]<\/p>\n<h2 class=\"text-center txt-color-a h3-5g\" style=\"text-align: center;\">Lee nuestros \u00faltimos posts<\/h2>\n<p>[\/et_pb_text][et_pb_blog fullwidth=\u00bboff\u00bb posts_number=\u00bb3&#8243; include_categories=\u00bb1161,1166,1165,1163,1172,1158,1160,1162,1153,1155,1168,1159,1174,1164,14,1169,1170,1171,1154,1157,1167,1173,1156&#8243; show_more=\u00bbon\u00bb module_class=\u00bbblog_igualado\u00bb _builder_version=\u00bb4.17.4&#8243; _module_preset=\u00bbdefault\u00bb body_font=\u00bb|300|||||||\u00bb body_font_size=\u00bb16px\u00bb body_line_height=\u00bb1.5em\u00bb meta_font=\u00bb||||||||\u00bb meta_text_color=\u00bb#6694A5&#8243; meta_font_size=\u00bb14px\u00bb meta_line_height=\u00bb1.3em\u00bb read_more_font=\u00bb|300|||||||\u00bb read_more_text_color=\u00bb#45993C\u00bb read_more_line_height=\u00bb2em\u00bb pagination_text_color=\u00bb#45993C\u00bb display_conditions=\u00bbW10=\u00bb custom_margin=\u00bb0px||30px||false|false\u00bb box_shadow_style=\u00bbpreset3&#8243; global_colors_info=\u00bb{}\u00bb][\/et_pb_blog][\/et_pb_column][\/et_pb_row][\/et_pb_section]<\/p>\n","protected":false},"excerpt":{"rendered":"<p>Servicios Teldat Servicios de formaci\u00f3n adaptados a las necesidades de cada cliente <nav aria-label=\"breadcrumbs\" class=\"rank-math-breadcrumb\"><p><span class=\"last\">Home<\/span><\/p><\/nav> Cursos a Medida Con el fin de cubrir las necesidades de formaci\u00f3n de nuestros clientes, Integra-T ofrece la posibilidad de elaborar cursos personalizados en funci\u00f3n de dichas necesidades.Con el fin de cubrir las necesidades de formaci\u00f3n de nuestros clientes, Integra-T ofrece la [&hellip;]<\/p>\n","protected":false},"author":234,"featured_media":0,"parent":8320,"menu_order":0,"comment_status":"closed","ping_status":"closed","template":"","meta":{"_acf_changed":false,"_et_pb_use_builder":"on","_et_pb_old_content":"","_et_gb_content_width":"","footnotes":""},"class_list":["post-3866","page","type-page","status-publish","hentry"],"acf":[],"wpml_current_locale":"es_ES","wpml_translations":[{"locale":"en_US","id":3439,"slug":"customized-courses","post_title":"Customized Courses","href":"https:\/\/teldatnwp-dev.azurewebsites.net\/services\/training\/customized-courses\/"}],"_links":{"self":[{"href":"https:\/\/teldatnwp-dev.azurewebsites.net\/es\/wp-json\/wp\/v2\/pages\/3866","targetHints":{"allow":["GET"]}}],"collection":[{"href":"https:\/\/teldatnwp-dev.azurewebsites.net\/es\/wp-json\/wp\/v2\/pages"}],"about":[{"href":"https:\/\/teldatnwp-dev.azurewebsites.net\/es\/wp-json\/wp\/v2\/types\/page"}],"author":[{"embeddable":true,"href":"https:\/\/teldatnwp-dev.azurewebsites.net\/es\/wp-json\/wp\/v2\/users\/234"}],"replies":[{"embeddable":true,"href":"https:\/\/teldatnwp-dev.azurewebsites.net\/es\/wp-json\/wp\/v2\/comments?post=3866"}],"version-history":[{"count":0,"href":"https:\/\/teldatnwp-dev.azurewebsites.net\/es\/wp-json\/wp\/v2\/pages\/3866\/revisions"}],"up":[{"embeddable":true,"href":"https:\/\/teldatnwp-dev.azurewebsites.net\/es\/wp-json\/wp\/v2\/pages\/8320"}],"wp:attachment":[{"href":"https:\/\/teldatnwp-dev.azurewebsites.net\/es\/wp-json\/wp\/v2\/media?parent=3866"}],"curies":[{"name":"wp","href":"https:\/\/api.w.org\/{rel}","templated":true}]}}