{"id":4007,"date":"2022-05-29T11:54:03","date_gmt":"2022-05-29T09:54:03","guid":{"rendered":"https:\/\/www.teldat.com\/mantenimiento\/"},"modified":"2025-04-04T14:59:21","modified_gmt":"2025-04-04T12:59:21","slug":"mantenimiento","status":"publish","type":"page","link":"https:\/\/teldatnwp-dev.azurewebsites.net\/es\/servicios\/servicios-generales\/mantenimiento\/","title":{"rendered":"Mantenimiento"},"content":{"rendered":"<p>[et_pb_section fb_built=\u00bb1&#8243; _builder_version=\u00bb4.25.0&#8243; _module_preset=\u00bbdefault\u00bb background_image=\u00bb\/wp-content\/uploads\/2024\/06\/Maintenance-by-Teldat.webp\u00bb min_height=\u00bb520px\u00bb height_tablet=\u00bb\u00bb height_phone=\u00bb374px\u00bb height_last_edited=\u00bbon|phone\u00bb custom_margin_tablet=\u00bb\u00bb custom_margin_phone=\u00bb||-11px||false|false\u00bb custom_margin_last_edited=\u00bbon|phone\u00bb global_colors_info=\u00bb{}\u00bb][et_pb_row column_structure=\u00bb1_2,1_2&#8243; _builder_version=\u00bb4.17.3&#8243; _module_preset=\u00bbdefault\u00bb width_tablet=\u00bb71%\u00bb width_phone=\u00bb81%\u00bb width_last_edited=\u00bbon|phone\u00bb module_alignment=\u00bbcenter\u00bb min_height_tablet=\u00bb\u00bb min_height_phone=\u00bb\u00bb min_height_last_edited=\u00bbon|phone\u00bb height_tablet=\u00bb\u00bb height_phone=\u00bb591px\u00bb height_last_edited=\u00bbon|phone\u00bb custom_margin=\u00bb35px|auto|41px|auto||\u00bb custom_padding=\u00bb1px||0px|||\u00bb module_alignment_tablet=\u00bbleft\u00bb module_alignment_phone=\u00bbleft\u00bb module_alignment_last_edited=\u00bbon|tablet\u00bb global_colors_info=\u00bb{}\u00bb][et_pb_column type=\u00bb1_2&#8243; _builder_version=\u00bb4.17.3&#8243; _module_preset=\u00bbdefault\u00bb global_colors_info=\u00bb{}\u00bb][et_pb_text _builder_version=\u00bb4.17.3&#8243; _module_preset=\u00bbdefault\u00bb text_font=\u00bb|300|||||||\u00bb text_font_size=\u00bb20px\u00bb header_text_align=\u00bbleft\u00bb header_6_text_align=\u00bbleft\u00bb header_6_text_color=\u00bb#0099BB\u00bb background_color=\u00bbrgba(241,246,246,0.66)\u00bb width=\u00bb130.3%\u00bb custom_margin=\u00bb|-76px|-2px|||\u00bb custom_padding=\u00bb54px|24px|54px|33px||\u00bb border_color_all=\u00bb#0099BB\u00bb border_style_all=\u00bbnone\u00bb border_width_left=\u00bb6px\u00bb border_color_left=\u00bb#32244A\u00bb border_style_left=\u00bbsolid\u00bb global_colors_info=\u00bb{}\u00bb]<\/p>\n<h1 class=\"text-center h1-5g\">Servicios Teldat<\/h1>\n<p class=\"text-center h2-5g\" style=\"text-align: left;\">Servicios de instalaci\u00f3n, mantenimiento, reparaci\u00f3n y gesti\u00f3n de proyectos de comunicaciones garantizando siempre la satisfacci\u00f3n del cliente.<\/p>\n<p>[\/et_pb_text][\/et_pb_column][et_pb_column type=\u00bb1_2&#8243; admin_label=\u00bbColumna\u00bb _builder_version=\u00bb4.17.3&#8243; _module_preset=\u00bbdefault\u00bb global_colors_info=\u00bb{}\u00bb][\/et_pb_column][\/et_pb_row][\/et_pb_section][et_pb_section fb_built=\u00bb1&#8243; _builder_version=\u00bb4.17.3&#8243; _module_preset=\u00bbdefault\u00bb custom_padding=\u00bb3px||2px|||\u00bb locked=\u00bboff\u00bb global_colors_info=\u00bb{}\u00bb][et_pb_row _builder_version=\u00bb4.17.3&#8243; _module_preset=\u00bbdefault\u00bb custom_padding=\u00bb7px||9px|||\u00bb global_colors_info=\u00bb{}\u00bb][et_pb_column type=\u00bb4_4&#8243; _builder_version=\u00bb4.17.3&#8243; _module_preset=\u00bbdefault\u00bb global_colors_info=\u00bb{}\u00bb][et_pb_code _builder_version=\u00bb4.17.3&#8243; _module_preset=\u00bbdefault\u00bb text_orientation=\u00bbleft\u00bb custom_margin=\u00bb||-3px|||\u00bb global_colors_info=\u00bb{}\u00bb]<?php if (function_exists('rank_math_the_breadcrumbs')) rank_math_the_breadcrumbs(); ?> <nav aria-label=\"breadcrumbs\" class=\"rank-math-breadcrumb\"><p><span class=\"last\">Home<\/span><\/p><\/nav>[\/et_pb_code][\/et_pb_column][\/et_pb_row][\/et_pb_section][et_pb_section fb_built=\u00bb1&#8243; module_id=\u00bbSolution\u00bb _builder_version=\u00bb4.17.3&#8243; _module_preset=\u00bbdefault\u00bb background_enable_color=\u00bboff\u00bb min_height=\u00bb386.5px\u00bb custom_padding=\u00bb22px||21px|||\u00bb animation_style=\u00bbfade\u00bb global_colors_info=\u00bb{}\u00bb][et_pb_row _builder_version=\u00bb4.17.3&#8243; _module_preset=\u00bbdefault\u00bb custom_padding=\u00bb0px||0px|||\u00bb global_colors_info=\u00bb{}\u00bb][et_pb_column type=\u00bb4_4&#8243; _builder_version=\u00bb4.17.3&#8243; _module_preset=\u00bbdefault\u00bb global_colors_info=\u00bb{}\u00bb][et_pb_text module_id=\u00bbsolution\u00bb _builder_version=\u00bb4.17.3&#8243; _module_preset=\u00bbdefault\u00bb custom_margin=\u00bb36px||-2px|||\u00bb global_colors_info=\u00bb{}\u00bb]<\/p>\n<h2 style=\"text-align: center;\">Mantenimiento<\/h2>\n<p>[\/et_pb_text][et_pb_text _builder_version=\u00bb4.17.3&#8243; _module_preset=\u00bbdefault\u00bb text_font=\u00bb|300|||||||\u00bb global_colors_info=\u00bb{}\u00bb]<\/p>\n<p style=\"text-align: center;\">Las soluciones que ofrece Integra-T para el mantenimiento de equipamiento de comunicaciones se dividen en los siguientes niveles de servicio:<\/p>\n<p>[\/et_pb_text][\/et_pb_column][\/et_pb_row][et_pb_row column_structure=\u00bb1_3,1_3,1_3&#8243; _builder_version=\u00bb4.17.3&#8243; _module_preset=\u00bbdefault\u00bb custom_margin=\u00bb|auto|20px|auto||\u00bb custom_padding=\u00bb||0px|||\u00bb locked=\u00bboff\u00bb global_colors_info=\u00bb{}\u00bb][et_pb_column type=\u00bb1_3&#8243; _builder_version=\u00bb4.17.3&#8243; _module_preset=\u00bbdefault\u00bb global_colors_info=\u00bb{}\u00bb][et_pb_image src=\u00bbhttps:\/\/www.teldat.com\/wp-content\/uploads\/2022\/06\/next-business-day.png\u00bb alt=\u00bbReparaciones globales de Teldat\u00bb title_text=\u00bbReparaciones globales de Teldat\u00bb url=\u00bb#next\u00bb align=\u00bbcenter\u00bb _builder_version=\u00bb4.27.4&#8243; _module_preset=\u00bbdefault\u00bb max_width=\u00bb45%\u00bb locked=\u00bboff\u00bb global_colors_info=\u00bb{}\u00bb][\/et_pb_image][et_pb_text _builder_version=\u00bb4.17.3&#8243; _module_preset=\u00bbc3eb909d-9913-49db-82c3-6601fcd12470&#8243; link_option_url=\u00bb#next\u00bb locked=\u00bboff\u00bb global_colors_info=\u00bb{}\u00bb]<\/p>\n<h3 style=\"text-align: center;\">Next Business Day<\/h3>\n<p>[\/et_pb_text][\/et_pb_column][et_pb_column type=\u00bb1_3&#8243; _builder_version=\u00bb4.17.3&#8243; _module_preset=\u00bbdefault\u00bb global_colors_info=\u00bb{}\u00bb][et_pb_image src=\u00bbhttps:\/\/www.teldat.com\/wp-content\/uploads\/2022\/06\/reparation.png\u00bb alt=\u00bbMenores tiempos de reparaciones en Teldat\u00bb title_text=\u00bbMenores tiempos de reparaciones en Teldat\u00bb url=\u00bb#four\u00bb align=\u00bbcenter\u00bb _builder_version=\u00bb4.27.4&#8243; _module_preset=\u00bbdefault\u00bb max_width=\u00bb45%\u00bb locked=\u00bboff\u00bb global_colors_info=\u00bb{}\u00bb][\/et_pb_image][et_pb_text _builder_version=\u00bb4.17.3&#8243; _module_preset=\u00bbc3eb909d-9913-49db-82c3-6601fcd12470&#8243; link_option_url=\u00bb#four\u00bb locked=\u00bboff\u00bb global_colors_info=\u00bb{}\u00bb]<\/p>\n<h3 style=\"text-align: center;\">Sustituci\u00f3n in 4 horas<\/h3>\n<p>[\/et_pb_text][\/et_pb_column][et_pb_column type=\u00bb1_3&#8243; _builder_version=\u00bb4.17.3&#8243; _module_preset=\u00bbdefault\u00bb global_colors_info=\u00bb{}\u00bb][et_pb_image src=\u00bbhttps:\/\/www.teldat.com\/wp-content\/uploads\/2022\/06\/substitution-in-four-hours.png\u00bb alt=\u00bbReparaciones y mantenimientos de Teldat\u00bb title_text=\u00bbReparaciones y mantenimientos de Teldat\u00bb url=\u00bb#repair\u00bb align=\u00bbcenter\u00bb _builder_version=\u00bb4.27.4&#8243; _module_preset=\u00bbdefault\u00bb max_width=\u00bb45%\u00bb locked=\u00bboff\u00bb global_colors_info=\u00bb{}\u00bb][\/et_pb_image][et_pb_text _builder_version=\u00bb4.17.3&#8243; _module_preset=\u00bbc3eb909d-9913-49db-82c3-6601fcd12470&#8243; link_option_url=\u00bb#repair\u00bb locked=\u00bboff\u00bb global_colors_info=\u00bb{}\u00bb]<\/p>\n<h3 style=\"text-align: center;\">Reparaciones<\/h3>\n<p>[\/et_pb_text][\/et_pb_column][\/et_pb_row][\/et_pb_section][et_pb_section fb_built=\u00bb1&#8243; module_id=\u00bb#next\u00bb _builder_version=\u00bb4.17.3&#8243; _module_preset=\u00bbdefault\u00bb background_color=\u00bb#F1F6F6&#8243; min_height=\u00bb611px\u00bb custom_padding=\u00bb22px||32px|||\u00bb animation_style=\u00bbfade\u00bb locked=\u00bboff\u00bb global_colors_info=\u00bb{}\u00bb][et_pb_row _builder_version=\u00bb4.17.3&#8243; _module_preset=\u00bbdefault\u00bb custom_padding=\u00bb0px||0px|||\u00bb global_colors_info=\u00bb{}\u00bb][et_pb_column type=\u00bb4_4&#8243; _builder_version=\u00bb4.17.3&#8243; _module_preset=\u00bbdefault\u00bb global_colors_info=\u00bb{}\u00bb][et_pb_text module_id=\u00bbresults\u00bb _builder_version=\u00bb4.17.3&#8243; _module_preset=\u00bbdefault\u00bb custom_margin=\u00bb36px||18px|||\u00bb global_colors_info=\u00bb{}\u00bb]<\/p>\n<h2 style=\"text-align: left;\">Contrato de Mantenimiento por Sustituci\u00f3n NBD (Next Business Day):<\/h2>\n<p>[\/et_pb_text][\/et_pb_column][\/et_pb_row][et_pb_row column_structure=\u00bb1_2,1_2&#8243; _builder_version=\u00bb4.17.3&#8243; _module_preset=\u00bbdefault\u00bb min_height=\u00bb438px\u00bb custom_margin=\u00bb|auto|-35px|auto||\u00bb custom_padding=\u00bb1px||0px|||\u00bb global_colors_info=\u00bb{}\u00bb][et_pb_column type=\u00bb1_2&#8243; _builder_version=\u00bb4.17.3&#8243; _module_preset=\u00bbdefault\u00bb global_colors_info=\u00bb{}\u00bb][et_pb_text _builder_version=\u00bb4.17.3&#8243; _module_preset=\u00bbdefault\u00bb text_font=\u00bb|300|||||||\u00bb min_height=\u00bb136.3px\u00bb custom_margin=\u00bb||0px||false|false\u00bb custom_margin_tablet=\u00bb||0px||false|false\u00bb custom_margin_phone=\u00bb||-57px||false|false\u00bb custom_margin_last_edited=\u00bbon|phone\u00bb custom_padding=\u00bb||0px||false|false\u00bb global_colors_info=\u00bb{}\u00bb]<\/p>\n<ul>\n<li>Este servicio garantiza el env\u00edo de un equipo de las mismas caracter\u00edsticas al que ha generado la incidencia a las instalaciones del cliente, al d\u00eda laborable siguiente desde el aviso de incidencia.<\/li>\n<li>Este servicio puede complementarse con la contrataci\u00f3n del servicio de mantenimiento con presencia de t\u00e9cnico, que garantiza la presencia de un t\u00e9cnico en las instalaciones del cliente al d\u00eda laborable siguiente del aviso de incidencia. El personal t\u00e9cnico cualificado prestar\u00e1 un apoyo de primer nivel y realizar\u00e1 la sustituci\u00f3n del equipo averiado por el equipo operativo.<\/li>\n<li>Para la prestaci\u00f3n de este tipo de servicio, Integra-T gestiona y mantiene un stock de equipamiento que permite cubrir las incidencias que se produzca.<\/li>\n<\/ul>\n<ul>\n<ul><\/ul>\n<\/ul>\n<ul><\/ul>\n<p>[\/et_pb_text][\/et_pb_column][et_pb_column type=\u00bb1_2&#8243; _builder_version=\u00bb4.17.3&#8243; _module_preset=\u00bbdefault\u00bb global_colors_info=\u00bb{}\u00bb][et_pb_text _builder_version=\u00bb4.17.3&#8243; _module_preset=\u00bbdefault\u00bb text_font=\u00bb|300|||||||\u00bb min_height=\u00bb244.7px\u00bb custom_margin=\u00bb0px||||false|false\u00bb custom_margin_tablet=\u00bb0px||||false|false\u00bb custom_margin_phone=\u00bb-8px||||false|false\u00bb custom_margin_last_edited=\u00bbon|phone\u00bb custom_padding=\u00bb0px||0px|||\u00bb global_colors_info=\u00bb{}\u00bb]<\/p>\n<ul>\n<li>Los portes tanto de ida como de vuelta del equipamiento pueden ser por cuenta del cliente o por cuenta de Integra-T en funci\u00f3n de las condiciones contractuales acordadas.<\/li>\n<li>El horario de recepci\u00f3n de incidencias es de 0h a 24h, 365 d\u00edas.<\/li>\n<li>Las incidencias se gestionar\u00e1n en horario de 8:30 a 13:30 de lunes a viernes. Las incidencias recibidas despu\u00e9s de las 13:30 ser\u00e1n consideradas como recibidas a primera hora del siguiente d\u00eda laborable.<\/li>\n<li>El horario de resoluci\u00f3n de las incidencias es de 8:30 a 17:30 de lunes a viernes.<\/li>\n<li>No se consideran d\u00edas laborables los s\u00e1bados, domingos y festivos locales del lugar de resoluci\u00f3n de la incidencia.<\/li>\n<li>Este contrato de mantenimiento garantiza el cumplimiento de los tiempos acordados y del procedimiento indicado.<\/li>\n<\/ul>\n<p>[\/et_pb_text][\/et_pb_column][\/et_pb_row][\/et_pb_section][et_pb_section fb_built=\u00bb1&#8243; module_id=\u00bb#four\u00bb _builder_version=\u00bb4.17.4&#8243; _module_preset=\u00bbdefault\u00bb background_enable_color=\u00bboff\u00bb min_height_tablet=\u00bb\u00bb min_height_phone=\u00bb\u00bb min_height_last_edited=\u00bbon|tablet\u00bb custom_padding=\u00bb22px||64px|||\u00bb animation_style=\u00bbfade\u00bb module_alignment_last_edited=\u00bboff|tablet\u00bb locked=\u00bboff\u00bb global_colors_info=\u00bb{}\u00bb][et_pb_row _builder_version=\u00bb4.17.3&#8243; _module_preset=\u00bbdefault\u00bb custom_padding=\u00bb0px||0px|||\u00bb global_colors_info=\u00bb{}\u00bb][et_pb_column type=\u00bb4_4&#8243; _builder_version=\u00bb4.17.3&#8243; _module_preset=\u00bbdefault\u00bb global_colors_info=\u00bb{}\u00bb][et_pb_text module_id=\u00bbresults\u00bb _builder_version=\u00bb4.17.3&#8243; _module_preset=\u00bbdefault\u00bb custom_margin=\u00bb36px||18px|||\u00bb global_colors_info=\u00bb{}\u00bb]<\/p>\n<h2>Contrato de Mantenimiento por sustituci\u00f3n en 4 horas:<\/h2>\n<p>[\/et_pb_text][et_pb_text _builder_version=\u00bb4.17.3&#8243; _module_preset=\u00bbdefault\u00bb text_font=\u00bb|300|||||||\u00bb min_height=\u00bb194px\u00bb custom_margin=\u00bb||0px||false|false\u00bb custom_padding=\u00bb||0px|||\u00bb global_colors_info=\u00bb{}\u00bb]<\/p>\n<ul>\n<ul>\n<li>Este servicio garantiza la presencia de un t\u00e9cnico y un equipo de las mismas caracter\u00edsticas al que ha generado la incidencia, en las instalaciones del cliente, en 4 horas desde el aviso de incidencia.<\/li>\n<li>Para la prestaci\u00f3n de este servicio Integra-T gestiona y mantiene un stock de equipamiento distribuido entre su red de instaladores.<\/li>\n<li>Los portes tanto de ida como de vuelta del equipamiento pueden ser por cuenta del cliente o por cuenta de Integra-T en funci\u00f3n de las condiciones contractuales acordadas.<\/li>\n<li>El horario de recepci\u00f3n de incidencias es de 0h a 24h, 365 d\u00edas.<\/li>\n<li>Las incidencias se gestionar\u00e1n en horario de 8:30 a 13:30 de lunes a viernes. Las incidencias recibidas despu\u00e9s de las 13:30 ser\u00e1n consideradas como recibidas a primera hora del siguiente d\u00eda laborable.<\/li>\n<li>El horario de resoluci\u00f3n de las incidencias es de 8:30 a 17:30 de lunes a viernes.<\/li>\n<li>No se consideran d\u00edas laborables los s\u00e1bados, domingos y festivos locales del lugar de resoluci\u00f3n de la incidencia. Este contrato de mantenimiento garantiza el cumplimiento de los tiempos acordados y del procedimiento indicado.<\/li>\n<\/ul>\n<\/ul>\n<p>[\/et_pb_text][\/et_pb_column][\/et_pb_row][\/et_pb_section][et_pb_section fb_built=\u00bb1&#8243; module_id=\u00bb#repair\u00bb _builder_version=\u00bb4.17.3&#8243; _module_preset=\u00bbdefault\u00bb background_color=\u00bb#F1F6F6&#8243; custom_padding=\u00bb22px||68px|||\u00bb animation_style=\u00bbfade\u00bb locked=\u00bboff\u00bb global_colors_info=\u00bb{}\u00bb][et_pb_row _builder_version=\u00bb4.17.3&#8243; _module_preset=\u00bbdefault\u00bb custom_padding=\u00bb0px||0px|||\u00bb global_colors_info=\u00bb{}\u00bb][et_pb_column type=\u00bb4_4&#8243; _builder_version=\u00bb4.17.3&#8243; _module_preset=\u00bbdefault\u00bb global_colors_info=\u00bb{}\u00bb][et_pb_text module_id=\u00bbresults\u00bb _builder_version=\u00bb4.17.3&#8243; _module_preset=\u00bbdefault\u00bb custom_margin=\u00bb36px||18px|||\u00bb global_colors_info=\u00bb{}\u00bb]<\/p>\n<h2>Contrato de Mantenimiento por Reparaci\u00f3n:<\/h2>\n<p>[\/et_pb_text][\/et_pb_column][\/et_pb_row][et_pb_row _builder_version=\u00bb4.17.3&#8243; _module_preset=\u00bbdefault\u00bb min_height=\u00bb577px\u00bb custom_margin=\u00bb|auto|-35px|auto||\u00bb custom_padding=\u00bb1px||0px|||\u00bb global_colors_info=\u00bb{}\u00bb][et_pb_column type=\u00bb4_4&#8243; _builder_version=\u00bb4.17.3&#8243; _module_preset=\u00bbdefault\u00bb global_colors_info=\u00bb{}\u00bb][et_pb_text _builder_version=\u00bb4.17.3&#8243; _module_preset=\u00bbdefault\u00bb text_font=\u00bb|300|||||||\u00bb min_height=\u00bb59.3px\u00bb custom_margin=\u00bb||0px||false|false\u00bb custom_padding=\u00bb||0px|||\u00bb global_colors_info=\u00bb{}\u00bb]<\/p>\n<p><span>Este servicio garantiza la reparaci\u00f3n del equipamiento incluyendo piezas y mano de obra de los equipos incluidos en el contrato en un plazo no superior a 7 d\u00edas laborables desde la recepci\u00f3n del equipo en las instalaciones de Integra-T.<\/span><\/p>\n<p>[\/et_pb_text][et_pb_text module_id=\u00bbresults\u00bb _builder_version=\u00bb4.17.3&#8243; _module_preset=\u00bbdefault\u00bb custom_margin=\u00bb36px||18px|||\u00bb global_colors_info=\u00bb{}\u00bb]<\/p>\n<h2>Procedimiento de atenci\u00f3n de incidencias:<\/h2>\n<p>[\/et_pb_text][et_pb_text _builder_version=\u00bb4.17.3&#8243; _module_preset=\u00bbdefault\u00bb text_font=\u00bb|300|||||||\u00bb min_height=\u00bb244.7px\u00bb custom_margin=\u00bb0px||||false|false\u00bb custom_margin_tablet=\u00bb0px||||false|false\u00bb custom_margin_phone=\u00bb-8px||||false|false\u00bb custom_margin_last_edited=\u00bbon|phone\u00bb custom_padding=\u00bb0px||0px|||\u00bb global_colors_info=\u00bb{}\u00bb]<\/p>\n<p><span>Para todos los contratos los avisos de incidencia se realizar\u00e1n mediante correo electr\u00f3nico a la direcci\u00f3n:\u00a0<\/span><a title=\"Opens window for sending email\">support(at)www.teldat.com<\/a><\/p>\n<p>&nbsp;<\/p>\n<h4>Los siguientes datos deben estar contenidos:<\/h4>\n<ul>\n<li>Nombre y direcci\u00f3n de la empresa<\/li>\n<li>Horario durante el que es posible realizar la intervenci\u00f3n<\/li>\n<li>Direcci\u00f3n a donde hay que remitir el equipo<\/li>\n<li>Persona de contacto, n\u00famero de tel\u00e9fono y correo electr\u00f3nico para confirmaci\u00f3n de la correcta terminaci\u00f3n de la incidencia, y horario de atenci\u00f3n al personal t\u00e9cnico desplazado<\/li>\n<li>Modelo del equipo averiado y n\u00famero de serie<\/li>\n<li>Configuraci\u00f3n, cuando fuese necesaria<\/li>\n<li>Causa aparente de la aver\u00eda<\/li>\n<\/ul>\n<p>[\/et_pb_text][\/et_pb_column][\/et_pb_row][\/et_pb_section][et_pb_section fb_built=\u00bb1&#8243; admin_label=\u00bbSecci\u00f3n\u00bb _builder_version=\u00bb4.17.4&#8243; _module_preset=\u00bbdefault\u00bb background_color=\u00bbRGBA(255,255,255,0)\u00bb custom_margin_tablet=\u00bb\u00bb custom_margin_phone=\u00bb||20px||false|false\u00bb custom_margin_last_edited=\u00bbon|phone\u00bb animation_style=\u00bbfade\u00bb locked=\u00bboff\u00bb global_colors_info=\u00bb{}\u00bb][et_pb_row _builder_version=\u00bb4.17.4&#8243; _module_preset=\u00bbdefault\u00bb custom_padding=\u00bb15px||15px||true|false\u00bb global_colors_info=\u00bb{}\u00bb][et_pb_column type=\u00bb4_4&#8243; _builder_version=\u00bb4.17.3&#8243; _module_preset=\u00bbdefault\u00bb global_colors_info=\u00bb{}\u00bb][et_pb_text module_id=\u00bbresults\u00bb _builder_version=\u00bb4.17.4&#8243; _module_preset=\u00bbdefault\u00bb custom_margin=\u00bb||30px||false|false\u00bb custom_padding=\u00bb5px||5px||true|false\u00bb global_colors_info=\u00bb{}\u00bb]<\/p>\n<h2 class=\"text-center txt-color-a h3-5g\" style=\"text-align: center;\">Lee nuestros \u00faltimos posts<\/h2>\n<p>[\/et_pb_text][et_pb_blog fullwidth=\u00bboff\u00bb posts_number=\u00bb3&#8243; include_categories=\u00bb1161,1166,1165,1163,1172,1158,1160,1162,1153,1155,1168,1159,1174,1164,14,1169,1170,1171,1154,1157,1167,1173,1156&#8243; show_more=\u00bbon\u00bb module_class=\u00bbblog_igualado\u00bb _builder_version=\u00bb4.17.4&#8243; _module_preset=\u00bbdefault\u00bb body_font=\u00bb|300|||||||\u00bb body_font_size=\u00bb16px\u00bb body_line_height=\u00bb1.5em\u00bb meta_font=\u00bb||||||||\u00bb meta_text_color=\u00bb#6694A5&#8243; meta_font_size=\u00bb14px\u00bb meta_line_height=\u00bb1.3em\u00bb read_more_font=\u00bb|300|||||||\u00bb read_more_text_color=\u00bb#45993C\u00bb read_more_line_height=\u00bb2em\u00bb pagination_text_color=\u00bb#45993C\u00bb display_conditions=\u00bbW10=\u00bb custom_margin=\u00bb0px||30px||false|false\u00bb box_shadow_style=\u00bbpreset3&#8243; global_colors_info=\u00bb{}\u00bb][\/et_pb_blog][\/et_pb_column][\/et_pb_row][\/et_pb_section]<\/p>\n","protected":false},"excerpt":{"rendered":"<p>Servicios Teldat Servicios de instalaci\u00f3n, mantenimiento, reparaci\u00f3n y gesti\u00f3n de proyectos de comunicaciones garantizando siempre la satisfacci\u00f3n del cliente. <nav aria-label=\"breadcrumbs\" class=\"rank-math-breadcrumb\"><p><span class=\"last\">Home<\/span><\/p><\/nav>MantenimientoLas soluciones que ofrece Integra-T para el mantenimiento de equipamiento de comunicaciones se dividen en los siguientes niveles de servicio:Next Business DaySustituci\u00f3n in 4 horasReparacionesContrato de Mantenimiento por Sustituci\u00f3n NBD (Next Business Day): Este servicio garantiza [&hellip;]<\/p>\n","protected":false},"author":234,"featured_media":0,"parent":8295,"menu_order":0,"comment_status":"closed","ping_status":"closed","template":"","meta":{"_acf_changed":false,"_et_pb_use_builder":"on","_et_pb_old_content":"","_et_gb_content_width":"","footnotes":""},"class_list":["post-4007","page","type-page","status-publish","hentry"],"acf":[],"wpml_current_locale":"es_ES","wpml_translations":[{"locale":"en_US","id":3357,"slug":"maintenance","post_title":"Maintenance","href":"https:\/\/teldatnwp-dev.azurewebsites.net\/services\/general-services\/maintenance\/"}],"_links":{"self":[{"href":"https:\/\/teldatnwp-dev.azurewebsites.net\/es\/wp-json\/wp\/v2\/pages\/4007","targetHints":{"allow":["GET"]}}],"collection":[{"href":"https:\/\/teldatnwp-dev.azurewebsites.net\/es\/wp-json\/wp\/v2\/pages"}],"about":[{"href":"https:\/\/teldatnwp-dev.azurewebsites.net\/es\/wp-json\/wp\/v2\/types\/page"}],"author":[{"embeddable":true,"href":"https:\/\/teldatnwp-dev.azurewebsites.net\/es\/wp-json\/wp\/v2\/users\/234"}],"replies":[{"embeddable":true,"href":"https:\/\/teldatnwp-dev.azurewebsites.net\/es\/wp-json\/wp\/v2\/comments?post=4007"}],"version-history":[{"count":0,"href":"https:\/\/teldatnwp-dev.azurewebsites.net\/es\/wp-json\/wp\/v2\/pages\/4007\/revisions"}],"up":[{"embeddable":true,"href":"https:\/\/teldatnwp-dev.azurewebsites.net\/es\/wp-json\/wp\/v2\/pages\/8295"}],"wp:attachment":[{"href":"https:\/\/teldatnwp-dev.azurewebsites.net\/es\/wp-json\/wp\/v2\/media?parent=4007"}],"curies":[{"name":"wp","href":"https:\/\/api.w.org\/{rel}","templated":true}]}}