{"id":41617,"date":"2023-03-23T17:36:54","date_gmt":"2023-03-23T16:36:54","guid":{"rendered":"https:\/\/www.teldat.com\/?page_id=41617"},"modified":"2025-07-24T09:17:53","modified_gmt":"2025-07-24T07:17:53","slug":"seguridad-de-la-informacion","status":"publish","type":"page","link":"https:\/\/teldatnwp-dev.azurewebsites.net\/es\/seguridad-de-la-informacion\/","title":{"rendered":"Seguridad de la Informaci\u00f3n"},"content":{"rendered":"<p>[et_pb_section fb_built=\u00bb1&#8243; _builder_version=\u00bb4.25.0&#8243; _module_preset=\u00bbdefault\u00bb background_image=\u00bb\/wp-content\/uploads\/2024\/06\/Information-Security.webp\u00bb min_height=\u00bb520px\u00bb height_tablet=\u00bb\u00bb height_phone=\u00bb374px\u00bb height_last_edited=\u00bbon|phone\u00bb custom_margin_tablet=\u00bb\u00bb custom_margin_phone=\u00bb||-96px||false|false\u00bb custom_margin_last_edited=\u00bbon|phone\u00bb global_colors_info=\u00bb{}\u00bb][et_pb_row column_structure=\u00bb1_2,1_2&#8243; _builder_version=\u00bb4.17.3&#8243; _module_preset=\u00bbdefault\u00bb width_tablet=\u00bb71%\u00bb width_phone=\u00bb81%\u00bb width_last_edited=\u00bbon|phone\u00bb module_alignment=\u00bbcenter\u00bb min_height_tablet=\u00bb\u00bb min_height_phone=\u00bb\u00bb min_height_last_edited=\u00bbon|phone\u00bb height_tablet=\u00bb\u00bb height_phone=\u00bb591px\u00bb height_last_edited=\u00bbon|phone\u00bb custom_margin=\u00bb35px|auto|41px|auto||\u00bb custom_padding=\u00bb1px||0px|||\u00bb module_alignment_tablet=\u00bbleft\u00bb module_alignment_phone=\u00bbleft\u00bb module_alignment_last_edited=\u00bbon|tablet\u00bb global_colors_info=\u00bb{}\u00bb][et_pb_column type=\u00bb1_2&#8243; _builder_version=\u00bb4.17.3&#8243; _module_preset=\u00bbdefault\u00bb global_colors_info=\u00bb{}\u00bb][et_pb_text _builder_version=\u00bb4.17.3&#8243; _module_preset=\u00bbdefault\u00bb text_font=\u00bb|300|||||||\u00bb text_font_size=\u00bb20px\u00bb header_text_align=\u00bbleft\u00bb header_6_text_align=\u00bbleft\u00bb header_6_text_color=\u00bb#0099BB\u00bb background_color=\u00bbrgba(241,246,246,0.66)\u00bb width=\u00bb87.4%\u00bb custom_margin=\u00bb|-76px|-2px|||\u00bb custom_padding=\u00bb54px|24px|54px|33px||\u00bb border_color_all=\u00bb#0099BB\u00bb border_style_all=\u00bbnone\u00bb border_width_left=\u00bb6px\u00bb border_color_left=\u00bb#32244A\u00bb border_style_left=\u00bbsolid\u00bb global_colors_info=\u00bb{}\u00bb]<\/p>\n<h1>Grupo Teldat<\/h1>\n<p>Seguridad de la Informaci\u00f3n<\/p>\n<p>[\/et_pb_text][\/et_pb_column][et_pb_column type=\u00bb1_2&#8243; _builder_version=\u00bb4.17.3&#8243; _module_preset=\u00bbdefault\u00bb global_colors_info=\u00bb{}\u00bb][\/et_pb_column][\/et_pb_row][\/et_pb_section][et_pb_section fb_built=\u00bb1&#8243; _builder_version=\u00bb4.17.3&#8243; _module_preset=\u00bbdefault\u00bb custom_padding=\u00bb3px||2px|||\u00bb locked=\u00bboff\u00bb global_colors_info=\u00bb{}\u00bb][et_pb_row _builder_version=\u00bb4.17.3&#8243; _module_preset=\u00bbdefault\u00bb custom_padding=\u00bb7px||9px|||\u00bb global_colors_info=\u00bb{}\u00bb][et_pb_column type=\u00bb4_4&#8243; _builder_version=\u00bb4.17.3&#8243; _module_preset=\u00bbdefault\u00bb global_colors_info=\u00bb{}\u00bb][et_pb_code _builder_version=\u00bb4.17.3&#8243; _module_preset=\u00bbdefault\u00bb text_orientation=\u00bbleft\u00bb custom_margin=\u00bb||-3px|||\u00bb global_colors_info=\u00bb{}\u00bb]<!--?php if (function_exists('rank_math_the_breadcrumbs')) rank_math_the_breadcrumbs(); ?--> <nav aria-label=\"breadcrumbs\" class=\"rank-math-breadcrumb\"><p><span class=\"last\">Home<\/span><\/p><\/nav>[\/et_pb_code][\/et_pb_column][\/et_pb_row][\/et_pb_section][et_pb_section fb_built=\u00bb1&#8243; _builder_version=\u00bb4.17.3&#8243; _module_preset=\u00bbdefault\u00bb custom_padding=\u00bb3px||8px|||\u00bb global_colors_info=\u00bb{}\u00bb][et_pb_row _builder_version=\u00bb4.17.3&#8243; _module_preset=\u00bbdefault\u00bb custom_padding=\u00bb1px||0px|||\u00bb global_colors_info=\u00bb{}\u00bb][et_pb_column type=\u00bb4_4&#8243; _builder_version=\u00bb4.17.3&#8243; _module_preset=\u00bbdefault\u00bb global_colors_info=\u00bb{}\u00bb][et_pb_text _builder_version=\u00bb4.17.3&#8243; _module_preset=\u00bbdefault\u00bb custom_margin=\u00bb36px||-1px|||\u00bb global_colors_info=\u00bb{}\u00bb]<\/p>\n<div class=\"row\">\n<div class=\"col-xs-12 col-sm-12 col-md-6 col-lg-6 col-lg-offset-6\">\n<h2 class=\"h3-morado-first\" style=\"text-align: left;\">Seguridad de la Informaci\u00f3n<\/h2>\n<\/div>\n<\/div>\n<p>[\/et_pb_text][et_pb_text _builder_version=\u00bb4.20.2&#8243; _module_preset=\u00bbdefault\u00bb text_text_color=\u00bb#0099BB\u00bb header_2_font=\u00bb|300|||||||\u00bb header_2_text_color=\u00bb#0099BB\u00bb header_3_text_color=\u00bb#0099BB\u00bb header_3_font_size=\u00bb26px\u00bb text_orientation=\u00bbcenter\u00bb custom_margin=\u00bb||-1px||false|false\u00bb custom_padding=\u00bb5px|1px||1px|false|true\u00bb custom_padding_tablet=\u00bb5px|0px||0px|false|true\u00bb custom_padding_phone=\u00bb|0px||0px|false|true\u00bb custom_padding_last_edited=\u00bbon|desktop\u00bb global_colors_info=\u00bb{}\u00bb]<\/p>\n<h3 style=\"text-align: left;\">Puntos clave:\u00a0<\/h3>\n<p>[\/et_pb_text][\/et_pb_column][\/et_pb_row][et_pb_row _builder_version=\u00bb4.17.3&#8243; _module_preset=\u00bbdefault\u00bb custom_margin=\u00bb31px|auto||auto||\u00bb custom_padding=\u00bb1px|||||\u00bb global_colors_info=\u00bb{}\u00bb][et_pb_column type=\u00bb4_4&#8243; _builder_version=\u00bb4.17.3&#8243; _module_preset=\u00bbdefault\u00bb global_colors_info=\u00bb{}\u00bb][et_pb_text _builder_version=\u00bb4.27.4&#8243; _module_preset=\u00bbdefault\u00bb text_font=\u00bb|300|||||||\u00bb global_colors_info=\u00bb{}\u00bb]<\/p>\n<h4>1. Introducci\u00f3n<\/h4>\n<p>Con la finalidad de ofrecer un servicio de calidad a sus clientes y, simult\u00e1neamente, de preservar sus procesos de negocio, resulta vital para Teldat garantizar la protecci\u00f3n de la informaci\u00f3n. La Seguridad de la Informaci\u00f3n descansa en la salvaguardia de dicha informaci\u00f3n frente a una amplia gama de amenazas; con ello se busca garantizar la continuidad del negocio, minimizar los riesgos empresariales y maximizar el retorno de las inversiones y las oportunidades de negocio.<\/p>\n<p>&nbsp;<\/p>\n<h4>2. \u00c1mbito de aplicaci\u00f3n<\/h4>\n<p>Esta pol\u00edtica se alinea con las directivas de seguridad global de Teldat y es de aplicaci\u00f3n a toda su informaci\u00f3n, cualquiera que sea su formato, el lugar en el que se encuentre o el modo de comunicarla, compartirla y almacenarla.<\/p>\n<p>&nbsp;<\/p>\n<h4>3. Objetivos<\/h4>\n<ul>\n<li>Garantizar los requisitos b\u00e1sicos de la Seguridad de la Informaci\u00f3n de Teldat, es decir, su integridad, su confidencialidad y su disponibilidad.<\/li>\n<\/ul>\n<ul>\n<li>Proporcionar un marco para la gesti\u00f3n de la Seguridad de\u00a0 la Informaci\u00f3n de Teldat por medio del establecimiento de un proceso normalizado de gesti\u00f3n de riesgos.<\/li>\n<\/ul>\n<ul>\n<li>Proteger la continuidad de las operaciones de Teldat.<\/li>\n<\/ul>\n<ul>\n<li>Preservar especialmente los requisitos de la Seguridad de la Informaci\u00f3n en los procesos de investigaci\u00f3n, desarrollo y producci\u00f3n de productos y servicios, y, consecuentemente, en los procesos de comercializaci\u00f3n de los mismos.<\/li>\n<\/ul>\n<ul>\n<li>Generar confianza en los clientes de Teldat.<\/li>\n<\/ul>\n<ul>\n<li>Resguardar la Seguridad de la Informaci\u00f3n sin detrimento de la protecci\u00f3n de otros bienes y activos de la compa\u00f1\u00eda, atendiendo al mismo tiempo al vigente marco legal, organizativo y t\u00e9cnico.<\/li>\n<\/ul>\n<ul>\n<li>Crear y mantener un Sistema de Gesti\u00f3n de la Seguridad de la Informaci\u00f3n, que incluya las pol\u00edticas, normativas, procedimientos y pautas necesarias para implementar los requisitos de seguridad en las distintas \u00e1reas de la organizaci\u00f3n; de este modo, la Seguridad de la Informaci\u00f3n podr\u00e1 ser evaluada de forma continuada.<\/li>\n<\/ul>\n<ul>\n<li>Establecer un marco de regulaci\u00f3n de la clasificaci\u00f3n, etiquetado y difusi\u00f3n de la informaci\u00f3n.<\/li>\n<\/ul>\n<ul>\n<li>Promover la mejora continua del sistema de gesti\u00f3n de seguridad de la informaci\u00f3n.<\/li>\n<\/ul>\n<div id=\"c10521\" class=\"csc-default csc-space-before-20\">\n<div class=\"csc-textpic-text\">\n<h4>\u00a0<\/h4>\n<h4>4. Principios<\/h4>\n<p><span style=\"font-size: 18px;\">Se establecen los siguientes principios b\u00e1sicos de la Pol\u00edtica de Seguridad de Teldat:<\/span><\/p>\n<p>&nbsp;<\/p>\n<ul>\n<li>Cumplir los requisitos legales y contractuales aplicables al desarrollo de operativa de negocio; a efectos de esta pol\u00edtica, especialmente en materias relacionadas con la protecci\u00f3n de datos de car\u00e1cter personal, con la informaci\u00f3n corporativa y con la continuidad de los procesos de negocio.<\/li>\n<\/ul>\n<ul>\n<li>Restringir el uso, tanto de la propia informaci\u00f3n como de los sistemas corporativos que la procesan, a aquellas tareas necesarias para el correcto desempe\u00f1o del trabajo de cada empleado. Por ello, no se permite el uso de activo alguno en beneficio particular.<\/li>\n<\/ul>\n<ul>\n<li>Mantener el secreto respecto a la informaci\u00f3n de la compa\u00f1\u00eda y no divulgarla a terceros. Como excepci\u00f3n, ser\u00e1 posible comunicarla en aquellos casos que resulte imprescindible por motivos del negocio, y siempre bajo las pertinentes medidas de seguridad.<\/li>\n<\/ul>\n<ul>\n<li>Elaborar informes peri\u00f3dicos acerca de la situaci\u00f3n de la Seguridad de la Informaci\u00f3n.<\/li>\n<\/ul>\n<ul>\n<li>La seguridad de la informaci\u00f3n es responsabilidad de todos los miembros de Teldat, as\u00ed como de sus colaboradores externos; todos ellos deber\u00e1n estar adecuadamente formados y concienciados para el satisfactorio desempe\u00f1o de sus responsabilidades.<\/li>\n<\/ul>\n<\/div>\n<h4>\u00a0<\/h4>\n<h4>5. Responsabilidades<\/h4>\n<p class=\"bodytext\">La Direcci\u00f3n de Teldat se compromete a adoptar las medidas necesarias para implantar, mantener y mejorar de forma continua el Sistema de Gesti\u00f3n de la Seguridad de la Informaci\u00f3n, as\u00ed como cumplir con los requisitos aplicables a la seguridad de la informaci\u00f3n. Para ello, se hace p\u00fablica esta Pol\u00edtica de Seguridad, comunic\u00e1ndola internamente a toda la organizaci\u00f3n y poni\u00e9ndola a disposici\u00f3n de todas las partes interesadas. Adem\u00e1s, se designar\u00e1 un responsable de la gesti\u00f3n de la Seguridad de la Informaci\u00f3n de Teldat.<\/p>\n<p class=\"bodytext\">Por otra parte, cada gerente es responsable de asegurar que las personas que trabajan bajo su control protegen la informaci\u00f3n conforme a las normas establecidas en Teldat.<\/p>\n<p class=\"bodytext\">La protecci\u00f3n de la Seguridad de la Informaci\u00f3n es un objetivo global que debe ser asumido por todos los miembros de la compa\u00f1\u00eda. Por lo tanto, tanto el personal propio como el colaborador externo debe conocer y cumplir la pol\u00edtica de seguridad definida, as\u00ed como los procedimientos, normativas, est\u00e1ndares y recomendaciones que la desarrollan y que pueden afectar a sus tareas dentro de Teldat.<\/p>\n<p class=\"bodytext\">El no cumplimiento de la presente pol\u00edtica de seguridad, o de las directrices o legislaci\u00f3n aplicable en cada caso, provocar\u00e1 la adopci\u00f3n de las correspondientes medidas legales o disciplinarias, definidas por Teldat.<\/p>\n<\/div>\n<p>&nbsp;<\/p>\n<h4>6. Pol\u00edticas relacionadas<\/h4>\n<p>Esta pol\u00edtica de Seguridad de la Informaci\u00f3n ser\u00e1 complementada con un conjunto de politicas espec\u00edficas que proporcionen los principios y orientaciones sobre aspectos singulares de la seguridad de la informaci\u00f3n.<\/p>\n<p>&nbsp;<\/p>\n<h4>Certificados de Seguridad de la Informaci\u00f3n<\/h4>\n<p class=\"bodytext\">Desde la implantaci\u00f3n de nuestro <strong><a href=\"https:\/\/www.teldat.com\/fileadmin\/mediacenter\/certificados\/CertificadoSI-0084-2022_ES.pdf\" target=\"_blank\" rel=\"noopener\">Sistema de Gesti\u00f3n de Seguridad de la Informaci\u00f3n<\/a><\/strong>  en 2022 de acuerdo con el est\u00e1ndar ISO\/ IEC 27001:2017, Teldat ha crecido y progresado considerablemente mejorando su eficiencia y orientando todos sus procesos hacia un \u00fanico resultado final; la satisfacci\u00f3n de todas las necesidades del cliente.<\/p>\n<p class=\"bodytext\">Como resultado de este esfuerzo, Teldat, en 2025, fue galardonada con la certificaci\u00f3n de Seguridad de la Informaci\u00f3n AENOR, de acuerdo con el est\u00e1ndar UNE-EN-ISO\/IEC 27001\/2022.\u00a0<\/p>\n<p>[\/et_pb_text][\/et_pb_column][\/et_pb_row][et_pb_row _builder_version=\u00bb4.20.2&#8243; _module_preset=\u00bbdefault\u00bb custom_margin=\u00bb-74px|auto||auto||\u00bb custom_padding=\u00bb||40px|||\u00bb global_colors_info=\u00bb{}\u00bb][et_pb_column type=\u00bb4_4&#8243; _builder_version=\u00bb4.17.3&#8243; _module_preset=\u00bbdefault\u00bb global_colors_info=\u00bb{}\u00bb][et_pb_image src=\u00bb\/wp-content\/uploads\/2023\/03\/Aenor-Seguridad-de-la-Informacion.png\u00bb alt=\u00bbAenor-Seguridad de la Informaci\u00f3n-ISO-IEC-27001&#8243; title_text=\u00bbAenor-Seguridad de la Informaci\u00f3n\u00bb url=\u00bbhttps:\/\/www.teldat.com\/fileadmin\/mediacenter\/certificados\/CertificadoSI-0084-2022_ES.pdf\u00bb url_new_window=\u00bbon\u00bb align=\u00bbcenter\u00bb _builder_version=\u00bb4.27.4&#8243; _module_preset=\u00bbdefault\u00bb custom_margin=\u00bb30px|||||\u00bb hover_enabled=\u00bb0&#8243; global_colors_info=\u00bb{}\u00bb sticky_enabled=\u00bb0&#8243;][\/et_pb_image][et_pb_code _builder_version=\u00bb4.27.4&#8243; _module_preset=\u00bbdefault\u00bb text_orientation=\u00bbcenter\u00bb module_alignment=\u00bbcenter\u00bb hover_enabled=\u00bb0&#8243; locked=\u00bboff\u00bb global_colors_info=\u00bb{}\u00bb sticky_enabled=\u00bb0&#8243;]<button   onclick=\"window.open('https:\/\/www.teldat.com\/fileadmin\/mediacenter\/certificados\/CertificadoSI-0084-2022_ES.pdf');\" class=\"btn3 btn-4 hover-filled-slide-up\"><span>VER CERTIFICADO<\/span><\/button>[\/et_pb_code][\/et_pb_column][\/et_pb_row][\/et_pb_section][et_pb_section fb_built=\u00bb1&#8243; admin_label=\u00bbSecci\u00f3n\u00bb _builder_version=\u00bb4.17.4&#8243; _module_preset=\u00bbdefault\u00bb background_color=\u00bb#F1F6F6&#8243; custom_margin_tablet=\u00bb\u00bb custom_margin_phone=\u00bb||20px||false|false\u00bb custom_margin_last_edited=\u00bbon|phone\u00bb animation_style=\u00bbfade\u00bb locked=\u00bboff\u00bb global_colors_info=\u00bb{}\u00bb][et_pb_row _builder_version=\u00bb4.17.4&#8243; _module_preset=\u00bbdefault\u00bb custom_padding=\u00bb15px||15px||true|false\u00bb global_colors_info=\u00bb{}\u00bb][et_pb_column type=\u00bb4_4&#8243; _builder_version=\u00bb4.17.3&#8243; _module_preset=\u00bbdefault\u00bb global_colors_info=\u00bb{}\u00bb][et_pb_text module_id=\u00bbresults\u00bb _builder_version=\u00bb4.17.4&#8243; _module_preset=\u00bbdefault\u00bb custom_margin=\u00bb||30px||false|false\u00bb custom_padding=\u00bb5px||5px||true|false\u00bb global_colors_info=\u00bb{}\u00bb]<\/p>\n<h2 class=\"text-center txt-color-a h3-5g\" style=\"text-align: center;\">Lee nuestros \u00faltimos posts<\/h2>\n<p>[\/et_pb_text][et_pb_blog fullwidth=\u00bboff\u00bb posts_number=\u00bb3&#8243; include_categories=\u00bb1161,1166,1165,1163,1172,1158,1160,1162,1153,1155,1168,1159,1174,1164,14,1169,1170,1171,1154,1157,1167,1173,1156&#8243; show_more=\u00bbon\u00bb module_class=\u00bbblog_igualado\u00bb _builder_version=\u00bb4.17.4&#8243; _module_preset=\u00bbdefault\u00bb body_font=\u00bb|300|||||||\u00bb body_font_size=\u00bb16px\u00bb body_line_height=\u00bb1.5em\u00bb meta_font=\u00bb||||||||\u00bb meta_text_color=\u00bb#6694A5&#8243; meta_font_size=\u00bb14px\u00bb meta_line_height=\u00bb1.3em\u00bb read_more_font=\u00bb|300|||||||\u00bb read_more_text_color=\u00bb#45993C\u00bb read_more_line_height=\u00bb2em\u00bb pagination_text_color=\u00bb#45993C\u00bb display_conditions=\u00bbW10=\u00bb custom_margin=\u00bb0px||30px||false|false\u00bb box_shadow_style=\u00bbpreset3&#8243; global_colors_info=\u00bb{}\u00bb][\/et_pb_blog][\/et_pb_column][\/et_pb_row][\/et_pb_section]<\/p>\n","protected":false},"excerpt":{"rendered":"<p>Grupo Teldat Seguridad de la Informaci\u00f3n <nav aria-label=\"breadcrumbs\" class=\"rank-math-breadcrumb\"><p><span class=\"last\">Home<\/span><\/p><\/nav> Seguridad de la Informaci\u00f3n Puntos clave:\u00a01. Introducci\u00f3n Con la finalidad de ofrecer un servicio de calidad a sus clientes y, simult\u00e1neamente, de preservar sus procesos de negocio, resulta vital para Teldat garantizar la protecci\u00f3n de la informaci\u00f3n. La Seguridad de la Informaci\u00f3n descansa en la salvaguardia de dicha [&hellip;]<\/p>\n","protected":false},"author":233,"featured_media":0,"parent":0,"menu_order":0,"comment_status":"closed","ping_status":"closed","template":"","meta":{"_acf_changed":false,"_et_pb_use_builder":"on","_et_pb_old_content":"","_et_gb_content_width":"","footnotes":""},"class_list":["post-41617","page","type-page","status-publish","hentry"],"acf":[],"wpml_current_locale":"es_ES","wpml_translations":[{"locale":"en_US","id":41742,"slug":"information-security-policy","post_title":"Information Security","href":"https:\/\/teldatnwp-dev.azurewebsites.net\/information-security-policy\/"}],"_links":{"self":[{"href":"https:\/\/teldatnwp-dev.azurewebsites.net\/es\/wp-json\/wp\/v2\/pages\/41617","targetHints":{"allow":["GET"]}}],"collection":[{"href":"https:\/\/teldatnwp-dev.azurewebsites.net\/es\/wp-json\/wp\/v2\/pages"}],"about":[{"href":"https:\/\/teldatnwp-dev.azurewebsites.net\/es\/wp-json\/wp\/v2\/types\/page"}],"author":[{"embeddable":true,"href":"https:\/\/teldatnwp-dev.azurewebsites.net\/es\/wp-json\/wp\/v2\/users\/233"}],"replies":[{"embeddable":true,"href":"https:\/\/teldatnwp-dev.azurewebsites.net\/es\/wp-json\/wp\/v2\/comments?post=41617"}],"version-history":[{"count":3,"href":"https:\/\/teldatnwp-dev.azurewebsites.net\/es\/wp-json\/wp\/v2\/pages\/41617\/revisions"}],"predecessor-version":[{"id":70843,"href":"https:\/\/teldatnwp-dev.azurewebsites.net\/es\/wp-json\/wp\/v2\/pages\/41617\/revisions\/70843"}],"wp:attachment":[{"href":"https:\/\/teldatnwp-dev.azurewebsites.net\/es\/wp-json\/wp\/v2\/media?parent=41617"}],"curies":[{"name":"wp","href":"https:\/\/api.w.org\/{rel}","templated":true}]}}