{"id":8301,"date":"2022-06-04T02:33:26","date_gmt":"2022-06-04T00:33:26","guid":{"rendered":"https:\/\/www.teldat.com\/cloud\/"},"modified":"2025-04-04T14:59:36","modified_gmt":"2025-04-04T12:59:36","slug":"networking-avanzado","status":"publish","type":"page","link":"https:\/\/teldatnwp-dev.azurewebsites.net\/es\/soluciones\/networking-avanzado\/","title":{"rendered":"Networking Avanzado"},"content":{"rendered":"<p>[et_pb_section fb_built=\u00bb1&#8243; _builder_version=\u00bb4.25.0&#8243; _module_preset=\u00bbdefault\u00bb background_image=\u00bb\/wp-content\/uploads\/2024\/05\/Advanced_Networking_Solutions_Teldat.webp\u00bb min_height=\u00bb520px\u00bb height_tablet=\u00bb\u00bb height_phone=\u00bb374px\u00bb height_last_edited=\u00bbon|phone\u00bb custom_margin_tablet=\u00bb\u00bb custom_margin_phone=\u00bb||-54px||false|false\u00bb custom_margin_last_edited=\u00bbon|phone\u00bb background_last_edited=\u00bbon|phone\u00bb background_image_phone=\u00bb\/wp-content\/uploads\/2024\/03\/Advanced-Networking-mobile.jpg\u00bb background_enable_image_phone=\u00bbon\u00bb global_colors_info=\u00bb{}\u00bb][et_pb_row column_structure=\u00bb1_2,1_2&#8243; _builder_version=\u00bb4.17.3&#8243; _module_preset=\u00bbdefault\u00bb width_tablet=\u00bb71%\u00bb width_phone=\u00bb81%\u00bb width_last_edited=\u00bbon|phone\u00bb module_alignment=\u00bbcenter\u00bb min_height_tablet=\u00bb\u00bb min_height_phone=\u00bb\u00bb min_height_last_edited=\u00bbon|phone\u00bb height_tablet=\u00bb\u00bb height_phone=\u00bb591px\u00bb height_last_edited=\u00bbon|phone\u00bb custom_margin=\u00bb35px|auto|41px|auto||\u00bb custom_padding=\u00bb1px||0px|||\u00bb module_alignment_tablet=\u00bbleft\u00bb module_alignment_phone=\u00bbleft\u00bb module_alignment_last_edited=\u00bbon|tablet\u00bb global_colors_info=\u00bb{}\u00bb][et_pb_column type=\u00bb1_2&#8243; _builder_version=\u00bb4.17.3&#8243; _module_preset=\u00bbdefault\u00bb global_colors_info=\u00bb{}\u00bb][et_pb_text _builder_version=\u00bb4.25.0&#8243; _module_preset=\u00bbdefault\u00bb text_font=\u00bb|300|||||||\u00bb text_font_size=\u00bb20px\u00bb header_text_align=\u00bbleft\u00bb header_6_text_align=\u00bbleft\u00bb header_6_text_color=\u00bb#0099BB\u00bb background_color=\u00bbrgba(241,246,246,0.66)\u00bb width=\u00bb127%\u00bb custom_margin=\u00bb|-76px|-2px|||\u00bb custom_padding=\u00bb54px|24px|54px|33px||\u00bb border_color_all=\u00bb#0099BB\u00bb border_style_all=\u00bbnone\u00bb border_width_left=\u00bb6px\u00bb border_color_left=\u00bb#32244A\u00bb border_style_left=\u00bbsolid\u00bb global_colors_info=\u00bb{}\u00bb]<\/p>\n<h1 class=\"text-center h1-5g\">Soluciones de Networking Avanzado<\/h1>\n<p class=\"text-center h2-5g\" style=\"text-align: left;\">Teldat ofrece soluciones al\u00e1mbricas e inal\u00e1mbricas de conectividad avanzada para IT y Redes de Comunicaci\u00f3n<\/p>\n<p>[\/et_pb_text][\/et_pb_column][et_pb_column type=\u00bb1_2&#8243; _builder_version=\u00bb4.17.3&#8243; _module_preset=\u00bbdefault\u00bb global_colors_info=\u00bb{}\u00bb][\/et_pb_column][\/et_pb_row][\/et_pb_section][et_pb_section fb_built=\u00bb1&#8243; _builder_version=\u00bb4.19.4&#8243; _module_preset=\u00bbdefault\u00bb custom_padding=\u00bb3px||2px||false|false\u00bb global_colors_info=\u00bb{}\u00bb][et_pb_row _builder_version=\u00bb4.19.4&#8243; _module_preset=\u00bbdefault\u00bb custom_padding=\u00bb7px||||false|false\u00bb global_colors_info=\u00bb{}\u00bb][et_pb_column type=\u00bb4_4&#8243; _builder_version=\u00bb4.19.4&#8243; _module_preset=\u00bbdefault\u00bb global_colors_info=\u00bb{}\u00bb][et_pb_code _builder_version=\u00bb4.19.4&#8243; _module_preset=\u00bbdefault\u00bb global_colors_info=\u00bb{}\u00bb]<?php if (function_exists('rank_math_the_breadcrumbs')) rank_math_the_breadcrumbs(); ?> <nav aria-label=\"breadcrumbs\" class=\"rank-math-breadcrumb\"><p><span class=\"last\">Home<\/span><\/p><\/nav>[\/et_pb_code][\/et_pb_column][\/et_pb_row][\/et_pb_section][et_pb_section fb_built=\u00bb1&#8243; _builder_version=\u00bb4.17.3&#8243; _module_preset=\u00bbdefault\u00bb custom_padding=\u00bb3px||33px|||\u00bb global_colors_info=\u00bb{}\u00bb][et_pb_row _builder_version=\u00bb4.17.3&#8243; _module_preset=\u00bbdefault\u00bb custom_padding=\u00bb1px||0px|||\u00bb global_colors_info=\u00bb{}\u00bb][et_pb_column type=\u00bb4_4&#8243; _builder_version=\u00bb4.17.3&#8243; _module_preset=\u00bbdefault\u00bb global_colors_info=\u00bb{}\u00bb][et_pb_text _builder_version=\u00bb4.17.4&#8243; _module_preset=\u00bbdefault\u00bb custom_margin=\u00bb36px||18px|||\u00bb global_colors_info=\u00bb{}\u00bb]<\/p>\n<div class=\"row\">\n<div class=\"col-xs-12 col-sm-12 col-md-6 col-lg-6 col-lg-offset-6\">\n<h2 class=\"h3-morado-first\" style=\"text-align: center;\"><span>Edges de alto rendimiento<\/span><\/h2>\n<\/div>\n<\/div>\n<div class=\"row\"><\/div>\n<p>[\/et_pb_text][\/et_pb_column][\/et_pb_row][et_pb_row _builder_version=\u00bb4.17.3&#8243; _module_preset=\u00bbdefault\u00bb custom_padding=\u00bb1px|||||\u00bb global_colors_info=\u00bb{}\u00bb][et_pb_column type=\u00bb4_4&#8243; _builder_version=\u00bb4.17.3&#8243; _module_preset=\u00bbdefault\u00bb global_colors_info=\u00bb{}\u00bb][et_pb_text _builder_version=\u00bb4.17.4&#8243; _module_preset=\u00bbdefault\u00bb text_font=\u00bb|300|||||||\u00bb global_colors_info=\u00bb{}\u00bb]<\/p>\n<p class=\"p-first-5g\" style=\"text-align: center;\"><span>La creciente demanda de comunicaciones de voz y datos, a trav\u00e9s de diferentes interfaces como fibra, 3G, 4G\/LTE, 5G y redes WAN, LAN y WLAN requieren soluciones y herramientas de \u00faltima generaci\u00f3n: este es nuestro patrimonio y valor para apoyar sus necesidades de comunicaci\u00f3n.<\/span><\/p>\n<p>[\/et_pb_text][\/et_pb_column][\/et_pb_row][\/et_pb_section][et_pb_section fb_built=\u00bb1&#8243; _builder_version=\u00bb4.24.2&#8243; _module_preset=\u00bbdefault\u00bb background_color=\u00bb#F1F6F6&#8243; background_image=\u00bb\/wp-content\/uploads\/2024\/03\/fondo-scaled-1.jpg\u00bb background_blend=\u00bbmultiply\u00bb custom_padding=\u00bb103px||199px|||\u00bb top_divider_style=\u00bbasymmetric4&#8243; top_divider_color=\u00bb#ffffff\u00bb bottom_divider_style=\u00bbarrow3&#8243; bottom_divider_color=\u00bb#ffffff\u00bb animation_style=\u00bbfade\u00bb animation_duration=\u00bb300ms\u00bb locked=\u00bboff\u00bb global_colors_info=\u00bb{}\u00bb][et_pb_row _builder_version=\u00bb4.17.3&#8243; _module_preset=\u00bbdefault\u00bb width=\u00bb49%\u00bb min_height=\u00bb86px\u00bb global_colors_info=\u00bb{}\u00bb][et_pb_column type=\u00bb4_4&#8243; _builder_version=\u00bb4.17.3&#8243; _module_preset=\u00bbdefault\u00bb global_colors_info=\u00bb{}\u00bb][et_pb_text module_id=\u00bbchallenge\u00bb _builder_version=\u00bb4.24.2&#8243; _module_preset=\u00bbdefault\u00bb custom_margin=\u00bb||18px||false|false\u00bb custom_css_free_form=\u00bbselector h2{||    word-wrap: break-word;||    line-break: auto;||}\u00bb locked=\u00bboff\u00bb global_colors_info=\u00bb{}\u00bb]<\/p>\n<h2 class=\"text-center txt-color-a h3-5g\" style=\"text-align: center;\">Soluciones de Networking Avanzado de Teldat<\/h2>\n<p>[\/et_pb_text][\/et_pb_column][\/et_pb_row][et_pb_row column_structure=\u00bb1_6,1_6,1_6,1_6,1_6,1_6&#8243; module_class=\u00bbtwo_col\u00bb _builder_version=\u00bb4.23.1&#8243; _module_preset=\u00bbdefault\u00bb global_colors_info=\u00bb{}\u00bb][et_pb_column type=\u00bb1_6&#8243; _builder_version=\u00bb4.17.4&#8243; _module_preset=\u00bbdefault\u00bb custom_padding=\u00bb0px||0px||false|false\u00bb global_colors_info=\u00bb{}\u00bb][et_pb_code _builder_version=\u00bb4.24.2&#8243; _module_preset=\u00bbdefault\u00bb text_orientation=\u00bbcenter\u00bb module_alignment=\u00bbcenter\u00bb global_colors_info=\u00bb{}\u00bb] <a class=\"caja_cont caja_menu\" href=\"https:\/\/www.teldat.com\/es\/soluciones\/networking-avanzado\/entendiendo-cnm-sd-wan-redes-hibridas-futuras-tendencias\/\" target=\"_blank\" rel=\"noopener\"><!-- [et_pb_line_break_holder] -->        <\/p>\n<div class=\"overlay\"><\/div>\n<p><!-- [et_pb_line_break_holder] -->        <\/p>\n<div class=\"circle\"><!-- [et_pb_line_break_holder] -->    <!-- [et_pb_line_break_holder] -->           <img loading=\"lazy\" decoding=\"async\" class=\"icon-img\" src=\"\/wp-content\/uploads\/2024\/03\/Group_Solution-Icons_SD-WAN.svg\" width=\"120\" height=\"120\" alt=\"\" title=\"\"><!-- [et_pb_line_break_holder] --><!-- [et_pb_line_break_holder] -->        <\/div>\n<p><!-- [et_pb_line_break_holder] -->        <pee>SD-WAN<\/pee><!-- [et_pb_line_break_holder] -->        <\/a>[\/et_pb_code][\/et_pb_column][et_pb_column type=\u00bb1_6&#8243; _builder_version=\u00bb4.17.4&#8243; _module_preset=\u00bbdefault\u00bb global_colors_info=\u00bb{}\u00bb][et_pb_code _builder_version=\u00bb4.24.2&#8243; _module_preset=\u00bbdefault\u00bb text_orientation=\u00bbcenter\u00bb module_alignment=\u00bbcenter\u00bb global_colors_info=\u00bb{}\u00bb]<a class=\"caja_cont caja_menu\" href=\"https:\/\/www.teldat.com\/es\/soluciones\/networking-avanzado\/net-cloud-administracion-infraestructura-y-gestion-de-redes\/\" target=\"_blank\" rel=\"noopener\"><!-- [et_pb_line_break_holder] -->     <\/p>\n<div class=\"overlay\"><\/div>\n<p><!-- [et_pb_line_break_holder] -->  <\/p>\n<div class=\"circle\"><!-- [et_pb_line_break_holder] -->    <img loading=\"lazy\" decoding=\"async\" class=\"icon-img\" src=\"\/wp-content\/uploads\/2024\/03\/Group_Solution-Icons_Net-Cloud-Administration.svg\" width=\"120\" height=\"120\" alt=\"\" title=\"\"><!-- [et_pb_line_break_holder] --><!-- [et_pb_line_break_holder] --><!-- [et_pb_line_break_holder] -->  <\/div>\n<p><!-- [et_pb_line_break_holder] -->  <pee>Administraci\u00f3n Net Cloud<\/pee><!-- [et_pb_line_break_holder] --><\/a>[\/et_pb_code][\/et_pb_column][et_pb_column type=\u00bb1_6&#8243; _builder_version=\u00bb4.17.4&#8243; _module_preset=\u00bbdefault\u00bb global_colors_info=\u00bb{}\u00bb][et_pb_code _builder_version=\u00bb4.24.2&#8243; _module_preset=\u00bbdefault\u00bb text_orientation=\u00bbcenter\u00bb module_alignment=\u00bbcenter\u00bb global_colors_info=\u00bb{}\u00bb]<a class=\"caja_cont caja_menu\" href=\"https:\/\/www.teldat.com\/es\/soluciones\/networking-avanzado\/entendiendo-cnm-sd-wan-redes-hibridas-futuras-tendencias\/soluciones-sdn-seguridad-cloud-arquitectura-sd-wan\/#be-safe-xdr\" target=\"_blank\" rel=\"noopener\"><!-- [et_pb_line_break_holder] -->     <\/p>\n<div class=\"overlay\"><\/div>\n<p><!-- [et_pb_line_break_holder] -->  <\/p>\n<div class=\"circle\"><!-- [et_pb_line_break_holder] -->    <!-- [et_pb_line_break_holder] -->  <img loading=\"lazy\" decoding=\"async\" class=\"icon-img\" src=\"\/wp-content\/uploads\/2024\/03\/Group_Solution-Icons_Network-Monitoring.svg\" width=\"120\" height=\"120\" alt=\"\" title=\"\"><!-- [et_pb_line_break_holder] --><!-- [et_pb_line_break_holder] -->  <\/div>\n<p><!-- [et_pb_line_break_holder] -->  <pee>Network Monitoring<\/pee><!-- [et_pb_line_break_holder] --><\/a>[\/et_pb_code][\/et_pb_column][et_pb_column type=\u00bb1_6&#8243; _builder_version=\u00bb4.20.2&#8243; _module_preset=\u00bbdefault\u00bb global_colors_info=\u00bb{}\u00bb][et_pb_code _builder_version=\u00bb4.24.2&#8243; _module_preset=\u00bbdefault\u00bb text_orientation=\u00bbcenter\u00bb module_alignment=\u00bbcenter\u00bb global_colors_info=\u00bb{}\u00bb] <a class=\"caja_cont caja_menu\" href=\"https:\/\/www.teldat.com\/es\/soluciones\/networking-avanzado\/remote-wlan-management-system\/\" target=\"_blank\" rel=\"noopener\"><!-- [et_pb_line_break_holder] -->        <\/p>\n<div class=\"overlay\"><\/div>\n<p><!-- [et_pb_line_break_holder] -->        <\/p>\n<div class=\"circle\"><!-- [et_pb_line_break_holder] -->    <!-- [et_pb_line_break_holder] -->           <img loading=\"lazy\" decoding=\"async\" class=\"icon-img\" src=\"\/wp-content\/uploads\/2024\/03\/Group_Solution-Icons_Wireless-Cloud-Computing.svg\" width=\"120\" height=\"120\" alt=\"\" title=\"\"><!-- [et_pb_line_break_holder] --><!-- [et_pb_line_break_holder] -->        <\/div>\n<p><!-- [et_pb_line_break_holder] -->        <pee>Wireless Cloud Monitorizaci\u00f3n<\/pee><!-- [et_pb_line_break_holder] -->        <\/a>[\/et_pb_code][\/et_pb_column][et_pb_column type=\u00bb1_6&#8243; _builder_version=\u00bb4.20.2&#8243; _module_preset=\u00bbdefault\u00bb global_colors_info=\u00bb{}\u00bb][et_pb_code _builder_version=\u00bb4.24.2&#8243; _module_preset=\u00bbdefault\u00bb text_orientation=\u00bbcenter\u00bb module_alignment=\u00bbcenter\u00bb global_colors_info=\u00bb{}\u00bb]<a class=\"caja_cont caja_menu\" href=\"https:\/\/www.teldat.com\/es\/soluciones\/networking-avanzado\/analisis-del-trafico-de-red-herramienta-de-visibilidad-y-control\/\" target=\"_blank\" rel=\"noopener\"><!-- [et_pb_line_break_holder] -->     <\/p>\n<div class=\"overlay\"><\/div>\n<p><!-- [et_pb_line_break_holder] -->  <\/p>\n<div class=\"circle\"><!-- [et_pb_line_break_holder] -->    <img loading=\"lazy\" decoding=\"async\" class=\"icon-img\" src=\"\/wp-content\/uploads\/2024\/03\/Group_Solution-Icons_Network-Traffic-Analysis.svg\" width=\"120\" height=\"120\" alt=\"\" title=\"\"><!-- [et_pb_line_break_holder] --><!-- [et_pb_line_break_holder] --><!-- [et_pb_line_break_holder] -->  <\/div>\n<p><!-- [et_pb_line_break_holder] -->  <pee>An\u00e1lisis del Tr\u00e1fico de Red<\/pee><!-- [et_pb_line_break_holder] --><\/a>[\/et_pb_code][\/et_pb_column][et_pb_column type=\u00bb1_6&#8243; _builder_version=\u00bb4.20.2&#8243; _module_preset=\u00bbdefault\u00bb global_colors_info=\u00bb{}\u00bb][et_pb_code _builder_version=\u00bb4.24.2&#8243; _module_preset=\u00bbdefault\u00bb text_orientation=\u00bbcenter\u00bb module_alignment=\u00bbcenter\u00bb global_colors_info=\u00bb{}\u00bb]<a class=\"caja_cont caja_menu\" href=\"https:\/\/www.teldat.com\/es\/soluciones\/networking-avanzado\/carta\/\" target=\"_blank\" rel=\"noopener\"><!-- [et_pb_line_break_holder] -->     <\/p>\n<div class=\"overlay\"><\/div>\n<p><!-- [et_pb_line_break_holder] -->  <\/p>\n<div class=\"circle\"><!-- [et_pb_line_break_holder] -->    <!-- [et_pb_line_break_holder] -->  <img loading=\"lazy\" decoding=\"async\" class=\"icon-img\" src=\"\/wp-content\/uploads\/2024\/03\/Group_Solution-Icons_CARTA.svg\" width=\"120\" height=\"120\" alt=\"\" title=\"\"><!-- [et_pb_line_break_holder] --><!-- [et_pb_line_break_holder] -->  <\/div>\n<p><!-- [et_pb_line_break_holder] -->  <pee>CARTA<\/pee><!-- [et_pb_line_break_holder] --><\/a>[\/et_pb_code][\/et_pb_column][\/et_pb_row][\/et_pb_section][et_pb_section fb_built=\u00bb1&#8243; admin_label=\u00bbSecci\u00f3n\u00bb _builder_version=\u00bb4.17.4&#8243; _module_preset=\u00bbdefault\u00bb background_color=\u00bbRGBA(255,255,255,0)\u00bb custom_margin_tablet=\u00bb\u00bb custom_margin_phone=\u00bb||20px||false|false\u00bb custom_margin_last_edited=\u00bbon|phone\u00bb animation_style=\u00bbfade\u00bb global_colors_info=\u00bb{}\u00bb][et_pb_row _builder_version=\u00bb4.17.4&#8243; _module_preset=\u00bbdefault\u00bb custom_padding=\u00bb15px||15px||true|false\u00bb global_colors_info=\u00bb{}\u00bb][et_pb_column type=\u00bb4_4&#8243; _builder_version=\u00bb4.17.3&#8243; _module_preset=\u00bbdefault\u00bb global_colors_info=\u00bb{}\u00bb][et_pb_text module_id=\u00bbresults\u00bb _builder_version=\u00bb4.17.4&#8243; _module_preset=\u00bbdefault\u00bb custom_margin=\u00bb||30px||false|false\u00bb custom_padding=\u00bb5px||5px||true|false\u00bb global_colors_info=\u00bb{}\u00bb]<\/p>\n<h2 class=\"text-center txt-color-a h3-5g\" style=\"text-align: center;\"><span>Lee nuestros \u00faltimos Blog Posts<\/span><\/h2>\n<p>[\/et_pb_text][et_pb_blog fullwidth=\u00bboff\u00bb posts_number=\u00bb3&#8243; include_categories=\u00bb1168,1156,1173,1152,1159&#8243; show_more=\u00bbon\u00bb module_class=\u00bbblog_igualado\u00bb _builder_version=\u00bb4.17.4&#8243; _module_preset=\u00bbdefault\u00bb body_font=\u00bb|300|||||||\u00bb body_font_size=\u00bb16px\u00bb body_line_height=\u00bb1.5em\u00bb meta_font=\u00bb||||||||\u00bb meta_text_color=\u00bb#6694A5&#8243; meta_font_size=\u00bb14px\u00bb meta_line_height=\u00bb1.3em\u00bb read_more_font=\u00bb|300|||||||\u00bb read_more_text_color=\u00bb#45993C\u00bb read_more_line_height=\u00bb2em\u00bb pagination_text_color=\u00bb#45993C\u00bb display_conditions=\u00bbW10=\u00bb custom_margin=\u00bb0px||30px||false|false\u00bb box_shadow_style=\u00bbpreset3&#8243; global_colors_info=\u00bb{}\u00bb][\/et_pb_blog][\/et_pb_column][\/et_pb_row][\/et_pb_section]<\/p>\n","protected":false},"excerpt":{"rendered":"<p>Soluciones de Networking Avanzado Teldat ofrece soluciones al\u00e1mbricas e inal\u00e1mbricas de conectividad avanzada para IT y Redes de Comunicaci\u00f3n <nav aria-label=\"breadcrumbs\" class=\"rank-math-breadcrumb\"><p><span class=\"last\">Home<\/span><\/p><\/nav> Edges de alto rendimiento La creciente demanda de comunicaciones de voz y datos, a trav\u00e9s de diferentes interfaces como fibra, 3G, 4G\/LTE, 5G y redes WAN, LAN y WLAN requieren soluciones y herramientas de \u00faltima [&hellip;]<\/p>\n","protected":false},"author":234,"featured_media":57827,"parent":8328,"menu_order":0,"comment_status":"closed","ping_status":"closed","template":"","meta":{"_acf_changed":false,"_et_pb_use_builder":"on","_et_pb_old_content":"","_et_gb_content_width":"","footnotes":""},"class_list":["post-8301","page","type-page","status-publish","has-post-thumbnail","hentry"],"acf":[],"wpml_current_locale":"es_ES","wpml_translations":[{"locale":"en_US","id":8283,"slug":"advanced-networking","post_title":"Advanced Networking","href":"https:\/\/teldatnwp-dev.azurewebsites.net\/solutions\/advanced-networking\/"}],"_links":{"self":[{"href":"https:\/\/teldatnwp-dev.azurewebsites.net\/es\/wp-json\/wp\/v2\/pages\/8301","targetHints":{"allow":["GET"]}}],"collection":[{"href":"https:\/\/teldatnwp-dev.azurewebsites.net\/es\/wp-json\/wp\/v2\/pages"}],"about":[{"href":"https:\/\/teldatnwp-dev.azurewebsites.net\/es\/wp-json\/wp\/v2\/types\/page"}],"author":[{"embeddable":true,"href":"https:\/\/teldatnwp-dev.azurewebsites.net\/es\/wp-json\/wp\/v2\/users\/234"}],"replies":[{"embeddable":true,"href":"https:\/\/teldatnwp-dev.azurewebsites.net\/es\/wp-json\/wp\/v2\/comments?post=8301"}],"version-history":[{"count":0,"href":"https:\/\/teldatnwp-dev.azurewebsites.net\/es\/wp-json\/wp\/v2\/pages\/8301\/revisions"}],"up":[{"embeddable":true,"href":"https:\/\/teldatnwp-dev.azurewebsites.net\/es\/wp-json\/wp\/v2\/pages\/8328"}],"wp:featuredmedia":[{"embeddable":true,"href":"https:\/\/teldatnwp-dev.azurewebsites.net\/es\/wp-json\/wp\/v2\/media\/57827"}],"wp:attachment":[{"href":"https:\/\/teldatnwp-dev.azurewebsites.net\/es\/wp-json\/wp\/v2\/media?parent=8301"}],"curies":[{"name":"wp","href":"https:\/\/api.w.org\/{rel}","templated":true}]}}