{"id":66948,"date":"2025-04-03T10:44:40","date_gmt":"2025-04-03T08:44:40","guid":{"rendered":"https:\/\/www.teldat.com\/product\/regesta-smart-pro\/"},"modified":"2025-05-21T13:44:15","modified_gmt":"2025-05-21T11:44:15","slug":"regesta-smart-pro-router-industrial-wan-dual-sim-sd-wan-para-redes-inteligentes","status":"publish","type":"product","link":"https:\/\/teldatnwp-dev.azurewebsites.net\/es\/producto\/regesta-smart-pro-router-industrial-wan-dual-sim-sd-wan-para-redes-inteligentes\/","title":{"rendered":"Regesta Smart PRO"},"content":{"rendered":"","protected":false},"excerpt":{"rendered":"","protected":false},"featured_media":66941,"comment_status":"open","ping_status":"closed","template":"","meta":{"_acf_changed":false,"_et_pb_use_builder":"","_et_pb_old_content":"","_et_gb_content_width":""},"product_brand":[],"product_cat":[1430],"product_tag":[],"class_list":{"0":"post-66948","1":"product","2":"type-product","3":"status-publish","4":"has-post-thumbnail","6":"product_cat-industrial-iot-es","8":"first","9":"instock","10":"shipping-taxable","11":"product-type-simple"},"acf":{"category":"Industrial &amp; IoT","Title_Product":"Regesta Smart PRO","subtitle":"Router de alcance industrial para comunicaciones remotas de redes inteligentes","imgHeader":"https:\/\/pim.teldat.com\/files\/2838023a778dfaecdc212708f721b788_FHD.webp","header-item1":"M\u00faltiples WAN (SFP, 2G\/3G\/LTE, Ethernet)","header-item2":"SCADA (Modbus, IEC-101\/102, IEC-104 gateway)","header-item3":"M\u00faltiples opciones de fuentes de alimentaci\u00f3n (DC, AC y Multirango)","header-item4":"Cumple con las regulaciones EMC y de seguridad el\u00e9ctrica","header-item5":"DMVPNs, VLANs y QoS para servicios cr\u00edticos","header-item6":"Redundancia con Dual-SIM","header-item7":"Compatible con la soluci\u00f3n Teldat SDWAN","imgHeader1":"https:\/\/pim.teldat.com\/files\/2838023a778dfaecdc212708f721b788_F1.webp","imgHeader2":"https:\/\/pim.teldat.com\/files\/2838023a778dfaecdc212708f721b788_F2.webp","imgHeader3":"https:\/\/pim.teldat.com\/files\/2838023a778dfaecdc212708f721b788_F3.webp","imgHeader4":"","imgHeader5":"","imgHeader6":"","intro":"<p>La familia de routers Regesta Smart PRO traslada los protocolos de red IP corporativos m&aacute;s avanzados al mundo de las Smart Grids. Estos routers han sido especialmente dise&ntilde;ados para proporcionar una gama de soluciones de conectividad en lugares remotos y desatendidos donde las caracter&iacute;sticas de la ubicaci&oacute;n exigen un alto nivel de robustez.<\/p>\r\n<p>Aprovecha al m&aacute;ximo el software avanzado de Teldat (CIT) para proporcionar lo &uacute;ltimo en seguridad de las comunicaciones: encriptaci&oacute;n, gesti&oacute;n de la autenticaci&oacute;n y control de acceso. Los protocolos de red avanzados y herramientas de gesti&oacute;n facilitan su uso a gran escala.<\/p>","imgintro":"https:\/\/pim.teldat.com\/files\/2838023a778dfaecdc212708f721b788_FIN.webp","competitive_advantage_title":"","competitive_advantage_a1":"Comunicaciones y hardware fiables","competitive_advantage_b1":"<p>M&uacute;ltiples tecnolog&iacute;as de acceso (WWAN, SFP + LTE, SFP+Ethernet) con mecanismos de respaldo en tiempo real, notificaciones SNMP trap y alertas.<\/p>","competitive_advantage_a2":"Dise\u00f1o de hardware robusto","competitive_advantage_b2":"<p>Dise&ntilde;o de hardware adaptable para instalaciones desatendidas, con rango de temperatura extendido (-25 a 70 &ordm;C) e inmunidad el&eacute;ctrica\/electromagn&eacute;tica.<\/p>","competitive_advantage_a3":"M\u00faltiples opciones de alimentaci\u00f3n","competitive_advantage_b3":"La mejor opci&oacute;n para cada escenario: DC (12-72 VDC), AC (110-240 VAC) y Multirango (48-72 VDC,100-240 VAC) para redes con diversas fuentes de alimentaci\u00f3n.","competitive_advantage_a4":"Software de redes corporativas","competitive_advantage_b4":"<p>&Uacute;ltimas tecnolog&iacute;as en redes IP para las comunicaciones de Smart Grids aportan seguridad, calidad y facilidad de uso en despliegues multiservicio a gran escala.<\/p>","product_sw_hw":"","description":"","description_1":"Los Regesta Smart PRO son routers industriales que proporcionan una conectividad de banda ancha IP segura y fiable a la red de telecontrol y telemetr&iacute;a SCADA en los despliegues de Smart Grids. El switch Ethernet incorporado puede proporcionar servicios a un gran n&uacute;mero de dispositivos electr&oacute;nicos inteligentes en ubicaciones remotas, incluido el soporte de VLAN y otras funciones de conmutaci&oacute;n avanzadas.\r\n\r\nEl router garantiza la ejecuci&oacute;n &oacute;ptima y la m&aacute;xima seguridad de las comunicaciones entre m&uacute;ltiples servicios IP. Adem&aacute;s, el uso simult&aacute;neo de la interfaz 2G\/3G\/LTE y de los enlaces de fibra y Ethernet proporciona la m&aacute;xima fiabilidad de las comunicaciones, que est&aacute; garantizada gracias al pleno apoyo de las funcionalidades de gesti&oacute;n, supervisi&oacute;n y copia de seguridad. El router Regesta Smart PRO incorpora la &uacute;ltima tecnolog&iacute;a de seguridad en las comunicaciones con una completa colecci&oacute;n de protocolos VPN y t&eacute;cnicas de firewall. ","description_image_1":"https:\/\/pim.teldat.com\/files\/2838023a778dfaecdc212708f721b788_S1.webp","description_2":"La familia de routers Regesta Smart PRO incorpora los protocolos de red IP corporativos m&aacute;s avanzados de la actualidad al mundo de las Smart Grids. Estos routers han sido especialmente dise&ntilde;ados para proporcionar una gama de soluciones de conectividad, a trav&eacute;s de m&uacute;ltiples tecnolog&iacute;as de acceso, en ubicaciones remotas y desatendidas donde las caracter&iacute;sticas de la ubicaci&oacute;n exigen m&uacute;ltiples rangos de voltaje y un alto nivel de robustez industrial.\r\n\r\nAprovecha al m&aacute;ximo el software avanzado de Teldat (CIT) para proporcionar lo &uacute;ltimo en seguridad de las comunicaciones con encriptaci&oacute;n, gesti&oacute;n de la autenticaci&oacute;n y control de acceso (protecci&oacute;n contra la intrusi&oacute;n). Combinado con herramientas de gesti&oacute;n SNMP de Teldat o de terceros, ideal para despliegues a gran escala (donde la funci&oacute;n de autoaprovisionamiento permite realizar despliegues sin la intervenci&oacute;n de personal inform&aacute;tico cualificado).","description_image_2":"https:\/\/pim.teldat.com\/files\/2838023a778dfaecdc212708f721b788_S2.webp","key_feature_long_description_1":"Hasta 6 puertos 10\/100\/1000 GE con VLAN, 802.1X y d\u00faple","key_feature_text_description_1":"<p>Los routers Regesta Smart Pro disponen de dos puertos Gigabit ethernet, uno de ellos actuando como combo para una interfaz WAN. Modelos con 4 puertos adicionales Gigabit Ethernet adicionales tambi&eacute;n disponibles.<\/p>","key_feature_long_description_2":"M\u00faltiples opciones de alimentaci\u00f3n (DC, AC y MR)","key_feature_text_description_2":"<p>Tres opciones de alimentaci&oacute;n: DC (12-72 VDC), AC (110- 240 VAC) y multirrango (48-72 VDC, 100-240 VAC) en la que se admiten ambos rangos (AC y DC) en un &uacute;nico modelo para facilitar el despliegue y el mantenimiento.<\/p>","key_feature_long_description_3":"2G\/3G\/4G (SIM-dual)","key_feature_text_description_3":"<p>Interfaz 2G\/3G\/4G integrada con una bandeja de doble tarjeta SIM para backup autom&aacute;tico. Sistema avandzado de Teldat para la monitorizaci&oacute;n proactiva y la recuperaci&oacute;n autom&aacute;tica de las incidencias de la WWAN.<\/p>","key_feature_long_description_4":"Certificado para su uso en entornos el\u00e9ctricos","key_feature_text_description_4":"<p>Los routers est&aacute;n certificados para su uso en entornos el&eacute;ctricos con certificados de EMC, aislamiento, inmunidad, el&eacute;ctricos, clim&aacute;ticos y mec&aacute;nicos.<\/p>","key_feature_long_description_5":"Rango de temperatura ampliado (de -20 a 70 \u00baC)","key_feature_text_description_5":"<p>La carcasa del Regesta Smart PRO est&aacute; dise&ntilde;ada para una &oacute;ptima disipaci&oacute;n del calor y se puede montar en un carril DIN o en la pared, adem&aacute;s garantiza el funcionamiento entre -20 y 70 &ordm;C con hasta un 93% de humedad.<\/p>","key_feature_long_description_6":"Seguridad: 802.1X, ACLs, firewall y DMVPNs (IPSec)","key_feature_text_description_6":"<p>El Regesta Smart PRO incluye seguridad de &uacute;ltima generaci&oacute;n: ACLs, firewall, 802.1X, IPSec con encriptaci&oacute;n por HW, DMVPNs, etc., permitiendo as&iacute; despliegues en Smart Grids seguros, escalables y f&aacute;ciles de gestionar.<\/p>","key_feature_long_description_7":"Puertos serie con soporte de protocolo SCADA","key_feature_text_description_7":"<p>Es capaz de incorporar interfaces serie (hasta un total de 3 puertos serie) con protocolos SCADA, proporcionando as&iacute; la versatilidad para conectarse a contadores industriales, RTU y otros dispositivos de control.<\/p>","key_feature_long_description_8":"Servicios avanzados (enrutamiento, gesti\u00f3n, QoS)","key_feature_text_description_8":"<p>El Regesta Smart PRO incluye un stack de software con funciones avanzadas de redes IP como QoS, enrutamiento basado en pol&iacute;ticas, DMVPNs, VLANs y VRF, proporcionando la m&aacute;xima versatilidad para los servicios compartidos.<\/p>","key_feature_long_description_9":"Encapsulaci\u00f3n serie-IP y pasarela IEC-101 a IEC-104","key_feature_text_description_9":"<p>Los datos del puerto serie pueden ser encapsulados de forma transparente con IP. La funci&oacute;n \"pasarela IEC-101 a IEC-104\" tambi&eacute;n permite mantener las TRU IEC-101 y software de gesti&oacute;n central para migrar a IEC-104.<\/p>","key_feature_long_description_10":"Puerto de consola de gesti\u00f3n fuera de banda","key_feature_text_description_10":"<p>El puerto de consola facilita la resoluci&oacute;n de problemas y la instalaci&oacute;n en puntos remotos.<\/p>","description_datasheet":"","datasheet_file":"https:\/\/pim.teldat.com\/files\/pdf\/9a1158154dfa42caddbd0694a4e9bdc8.pdf","imgDatasheet":"","solution_title":"Aplicaciones de Teldat en las Smart Grid","solution_text":"<p>Comunicaciones y seguridad para Redes El&eacute;ctricas Inteligentes.<\/p>","solution_related_link":"https:\/\/www.teldat.com\/es\/soluciones\/industrial-iot\/redes-inteligentes-teldat\/","solution_image":"https:\/\/pim.teldat.com\/files\/2838023a778dfaecdc212708f721b788_FSL.jpeg","case_study_title":"Regesta Smart PRO en vida real","case_study_description":"<p>Una gran transformaci&oacute;n de una red de distribuci&oacute;n el&eacute;ctrica que incorpora un nuevo sistema de telecomunicaciones.<\/p>","case_study_link_1":"https:\/\/www.teldat.com\/es\/casos-de-exito\/industrial-iot\/redes-electricas-que-se-modernizan\/","case_study_text_1":"","case_study_text_2":"","case_study_link_2":"Electrical Grid Modernization","case_study_link_3":"","case_study_text_3":"","pim_id":52,"id_en":"","language":""},"wpml_current_locale":"es_ES","wpml_translations":[{"locale":"en_US","id":66942,"slug":"regesta-smart-pro-security-with-encryption-dual-sim-sd-wan-for-smart-grids","post_title":"Regesta Smart PRO","href":"https:\/\/teldatnwp-dev.azurewebsites.net\/regesta-smart-pro-security-with-encryption-dual-sim-sd-wan-for-smart-grids\/"}],"_links":{"self":[{"href":"https:\/\/teldatnwp-dev.azurewebsites.net\/es\/wp-json\/wp\/v2\/product\/66948","targetHints":{"allow":["GET"]}}],"collection":[{"href":"https:\/\/teldatnwp-dev.azurewebsites.net\/es\/wp-json\/wp\/v2\/product"}],"about":[{"href":"https:\/\/teldatnwp-dev.azurewebsites.net\/es\/wp-json\/wp\/v2\/types\/product"}],"replies":[{"embeddable":true,"href":"https:\/\/teldatnwp-dev.azurewebsites.net\/es\/wp-json\/wp\/v2\/comments?post=66948"}],"wp:featuredmedia":[{"embeddable":true,"href":"https:\/\/teldatnwp-dev.azurewebsites.net\/es\/wp-json\/wp\/v2\/media\/66941"}],"wp:attachment":[{"href":"https:\/\/teldatnwp-dev.azurewebsites.net\/es\/wp-json\/wp\/v2\/media?parent=66948"}],"wp:term":[{"taxonomy":"product_brand","embeddable":true,"href":"https:\/\/teldatnwp-dev.azurewebsites.net\/es\/wp-json\/wp\/v2\/product_brand?post=66948"},{"taxonomy":"product_cat","embeddable":true,"href":"https:\/\/teldatnwp-dev.azurewebsites.net\/es\/wp-json\/wp\/v2\/product_cat?post=66948"},{"taxonomy":"product_tag","embeddable":true,"href":"https:\/\/teldatnwp-dev.azurewebsites.net\/es\/wp-json\/wp\/v2\/product_tag?post=66948"}],"curies":[{"name":"wp","href":"https:\/\/api.w.org\/{rel}","templated":true}]}}