{"id":66993,"date":"2025-04-03T11:31:23","date_gmt":"2025-04-03T09:31:23","guid":{"rendered":"https:\/\/www.teldat.com\/product\/teldat-5ge\/"},"modified":"2025-05-12T17:30:35","modified_gmt":"2025-05-12T15:30:35","slug":"teldat-5ge-interfaz-de-respaldo-conectividad-redes-5g","status":"publish","type":"product","link":"https:\/\/teldatnwp-dev.azurewebsites.net\/es\/producto\/teldat-5ge-interfaz-de-respaldo-conectividad-redes-5g\/","title":{"rendered":"Teldat-5Ge"},"content":{"rendered":"","protected":false},"excerpt":{"rendered":"","protected":false},"featured_media":66986,"comment_status":"open","ping_status":"closed","template":"","meta":{"_acf_changed":false,"_et_pb_use_builder":"","_et_pb_old_content":"","_et_gb_content_width":""},"product_brand":[],"product_cat":[1429],"product_tag":[],"class_list":{"0":"post-66993","1":"product","2":"type-product","3":"status-publish","4":"has-post-thumbnail","6":"product_cat-edge-network-computing-es","8":"first","9":"instock","10":"shipping-taxable","11":"product-type-simple"},"acf":{"category":"Edge Network Computing","Title_Product":"Perif\u00e9rico 5G para routers corporativos","subtitle":"Habilitador 5G compatible para routers sin soporte inal\u00e1mbrico nativo","imgHeader":"https:\/\/pim.teldat.com\/files\/735b90b4568125ed6c3f678819b6e058_FHD.webp","header-item1":"No intrusivo; compatible con routers existentes","header-item2":"Instalaci\u00f3n sencilla y r\u00e1pida","header-item3":"Instalable en cualquier punto de la oficina","header-item4":"Solo requiere conexi\u00f3n Ethernet","header-item5":"Alimentaci\u00f3n PoE+","header-item6":"Basado en est\u00e1ndares","header-item7":"No requiere gesti\u00f3n","imgHeader1":"https:\/\/pim.teldat.com\/files\/735b90b4568125ed6c3f678819b6e058_F1.webp","imgHeader2":"https:\/\/pim.teldat.com\/files\/735b90b4568125ed6c3f678819b6e058_F2.webp","imgHeader3":"https:\/\/pim.teldat.com\/files\/735b90b4568125ed6c3f678819b6e058_F3.webp","imgHeader4":"https:\/\/pim.teldat.com\/files\/735b90b4568125ed6c3f678819b6e058_F4.webp","imgHeader5":"https:\/\/pim.teldat.com\/files\/735b90b4568125ed6c3f678819b6e058_F5.webp","imgHeader6":"https:\/\/pim.teldat.com\/files\/735b90b4568125ed6c3f678819b6e058_F6.webp","intro":"<p>La nueva red m&oacute;vil 5G es una infraestructura ideal para respaldo de conexiones fijas. Al ser tan novedosa los routers corporativos de los clientes no suelen estar preparados para ella o bien se encuentran instalados en lugares poco accesibles y con cobertura deficiente. El Teldat-5Ge es la soluci&oacute;n, ya que consigue conectar de forma f&aacute;cil, econ&oacute;mica y nada intrusiva, el router corporativo a la red 5G.<\/p>\r\n<p>El Teldat-5Ge integra la conectividad m&oacute;vil y est&aacute; dise&ntilde;ado para ser instalado en cualquier lugar donde la cobertura de red sea la adecuada, conect&aacute;ndose por Ethernet a la red donde &eacute;ste el router de la oficina.<\/p>","imgintro":"https:\/\/pim.teldat.com\/files\/735b90b4568125ed6c3f678819b6e058_FIN.webp","competitive_advantage_title":"","competitive_advantage_a1":"Instalaci\u00f3n f\u00e1cil y r\u00e1pida","competitive_advantage_b1":"<p>No requiere configuraci&oacute;n previa, solo conectar a Ethernet y listo. Con PoE+ habilitado basta con un cable Ethernet; en caso contrario requiere alimentaci&oacute;n.<\/p>","competitive_advantage_a2":"No requiere gesti\u00f3n","competitive_advantage_b2":"<p>Descarga la configuraci&oacute;n mediante autoprovisi&oacute;n DHCP (de forma similar a un tel&eacute;fono IP). La configuraci&oacute;n reside en el router de la oficina.&nbsp;<\/p>","competitive_advantage_a3":"Router corporativo mantiene el control","competitive_advantage_b3":"<p>La conexi&oacute;n m&oacute;vil es controlada por el router de la oficina, aplicando las mismas pol&iacute;ticas de conectividad, seguridad y QoS que la conexi&oacute;n fija.<\/p>","competitive_advantage_a4":"Dise\u00f1ado para las operadoras 5G","competitive_advantage_b4":"<p>El 5Ge, a diferencia de otros equipos, es capaz de cumplir con todas las combinaciones de bandas EN-DC y los requisitos DSS que las redes NSA suelen necesitar.<\/p>","product_sw_hw":"","description":"","description_1":"El Teldat-5Ge es la soluci&oacute;n m&aacute;s r&aacute;pida, eficaz y vers&aacute;til para conseguir un acceso de calidad a la nueva red m&oacute;vil 5G. El car&aacute;cter id&oacute;neo de las redes m&oacute;viles como conectividad de respaldo es incuestionable. Sin embargo, los routers corporativos no suelen estar preparados para ello o bien se alojan en ubicaciones donde la cobertura de red m&oacute;vil es p&eacute;sima. Teldat-5Ge es la soluci&oacute;n a estos problemas, puesto que se trata de un peque&ntilde;o dispositivo adecuado para instalar en el lugar de la oficina con una cobertura &oacute;ptima y conectando con el router corporativo mediante Ethernet.\r\n\r\nLa conexi&oacute;n m&oacute;vil es controlada directamente por el router corporativo existente, de forma que queda integrada en la pol&iacute;tica de seguridad, calidad de servicio y gesti&oacute;n de la red. Gracias a la autoprovisi&oacute;n y alimentaci&oacute;n PoE+, el Teldat-5Ge se instala en minutos de forma eficaz y segura, sin necesidad de personal cualificado. ","description_image_1":"https:\/\/pim.teldat.com\/files\/735b90b4568125ed6c3f678819b6e058_S1.webp","description_2":"<p>Garantizar la conectividad de las sedes de una corporaci&oacute;n es cr&iacute;tico. Los servicios de cobre o fibra redundante son &uacute;tiles, pero tienen el inconveniente de que los distintos accesos fijos suelen compartir infraestructura, con el riesgo de ca&iacute;da simult&aacute;nea de &aacute;mbos. Por el contrario, las redes m&oacute;viles utilizan el aire como medio y una infraestructura propia distinta a las redes fijas, lo que unido al elevado nivel de eficiencia de la nuevva red 5G en t&eacute;rminos de velocidad y latencia, las convierta en el sistema de respaldo ideal.<\/p>\r\n<p>El Teldat-5Ge habilita el acceso a la red m&oacute;vil 5G a routers corporativos que no admitan nativamente conexiones m&oacute;viles o que est&eacute;n instalados en armarios de comunicaci&oacute;n ofreciendo mala cobertura. El Teldat-5Ge es un perif&eacute;rico del router que mantiene el control y seguridad de las comunicaciones. Opcionalmente puede comportarse de forma aut&oacute;noma como un router.<\/p>","description_image_2":"https:\/\/pim.teldat.com\/files\/735b90b4568125ed6c3f678819b6e058_S2.webp","key_feature_long_description_1":"Integra acceso m\u00f3vil a cualquier arquitectura existente","key_feature_text_description_1":"<p>El router de la oficina para las conexiones fijas controla tambi&eacute;n las conexiones m&oacute;viles 5G asegurando que se siguen las mismas pol&iacute;ticas de seguridad o calidad de servicio.<\/p>","key_feature_long_description_2":"Basado en est\u00e1ndares","key_feature_text_description_2":"<p>Se utilizan est&aacute;ndares. Mediante una VLAN se establece la conexi&oacute;n de datos entre el router y el Teldat-5Ge, de modo que, a todos los efectos, es un interfaz virtual en el router.<\/p>","key_feature_long_description_3":"Autoprovisionable","key_feature_text_description_3":"<p>El Teldat-5Ge no almacena configuraci&oacute;n y dispone de un mecanismo de provisi&oacute;n por DHCP al arrancar el equipo, por lo que no es necesaria acci&oacute;n previa alguna durante su instalaci&oacute;n f&iacute;sica.<\/p>","key_feature_long_description_4":"No requiere gesti\u00f3n","key_feature_text_description_4":"<p>No es necesario reservar una direcci&oacute;n para la gesti&oacute;n ni darlo de alta en los sistemas de gesti&oacute;n, puesto que se puede gestionar desde el router existente.<\/p>","key_feature_long_description_5":"Instalaci\u00f3n con un \u00fanico cable","key_feature_text_description_5":"<p>Basta una conexi&oacute;n Ethernet con PoE+ (disponible inyector PoE+ en caso que el switch no lo proporcione). Instalable f&aacute;cil y r&aacute;pidamente. (Tambi&eacute;n se dispone de fuente de alimentaci&oacute;n opcional).<\/p>","key_feature_long_description_6":"Instalaci\u00f3n de sobremesa y de pared","key_feature_text_description_6":"<p>Dise&ntilde;ado para poder instalarlo sobre pared y conseguir as&iacute; la ubicaci&oacute;n con mejor nivel de se&ntilde;al.<\/p>","key_feature_long_description_7":"Espec\u00edficamente dise\u00f1ado para instalar en oficinas","key_feature_text_description_7":"<p>De peque&ntilde;as dimensiones y sin elementos llamativos para que pueda pasar inadvertido en salas de trabajo o de paso.<\/p>","key_feature_long_description_8":"Opcionalmente puede funcionar como router aut\u00f3nomo","key_feature_text_description_8":"<p>En \"modo router\" proporciona conectividad 5G o WAN Ethernet a los dispositivos de la red lo que le hacen apto para peque&ntilde;as oficinas o como segundo equipo de respaldo.<\/p>","key_feature_long_description_9":"","key_feature_text_description_9":"","key_feature_long_description_10":"","key_feature_text_description_10":"","description_datasheet":"","datasheet_file":"https:\/\/pim.teldat.com\/files\/pdf\/a3f390d88e4c41f2747bfa2f1b5f87db.pdf","imgDatasheet":"","solution_title":"Respaldo 5G para redes","solution_text":"<p>La soluci&oacute;n 5G de Teldat ofrece fiabilidad WAN 5G a las oficinas conectadas mediante routers.<\/p>","solution_related_link":"https:\/\/www.teldat.com\/es\/soluciones\/edge-network-computing\/redes-5g-corporativas-acceso-inalambrico-fijo-fwa-embb-urllc-massive-iot\/respaldo-5g-para-redes\/","solution_image":"https:\/\/pim.teldat.com\/files\/735b90b4568125ed6c3f678819b6e058_FSL.jpeg","case_study_title":"","case_study_description":"","case_study_link_1":"","case_study_text_1":"","case_study_text_2":"","case_study_link_2":"","case_study_link_3":"","case_study_text_3":"","pim_id":68,"id_en":"","language":""},"wpml_current_locale":"es_ES","wpml_translations":[{"locale":"en_US","id":66987,"slug":"teldat-5ge-lte-5g-backup-resilience-failover-interface","post_title":"Teldat-5Ge","href":"https:\/\/teldatnwp-dev.azurewebsites.net\/teldat-5ge-lte-5g-backup-resilience-failover-interface\/"}],"_links":{"self":[{"href":"https:\/\/teldatnwp-dev.azurewebsites.net\/es\/wp-json\/wp\/v2\/product\/66993","targetHints":{"allow":["GET"]}}],"collection":[{"href":"https:\/\/teldatnwp-dev.azurewebsites.net\/es\/wp-json\/wp\/v2\/product"}],"about":[{"href":"https:\/\/teldatnwp-dev.azurewebsites.net\/es\/wp-json\/wp\/v2\/types\/product"}],"replies":[{"embeddable":true,"href":"https:\/\/teldatnwp-dev.azurewebsites.net\/es\/wp-json\/wp\/v2\/comments?post=66993"}],"wp:featuredmedia":[{"embeddable":true,"href":"https:\/\/teldatnwp-dev.azurewebsites.net\/es\/wp-json\/wp\/v2\/media\/66986"}],"wp:attachment":[{"href":"https:\/\/teldatnwp-dev.azurewebsites.net\/es\/wp-json\/wp\/v2\/media?parent=66993"}],"wp:term":[{"taxonomy":"product_brand","embeddable":true,"href":"https:\/\/teldatnwp-dev.azurewebsites.net\/es\/wp-json\/wp\/v2\/product_brand?post=66993"},{"taxonomy":"product_cat","embeddable":true,"href":"https:\/\/teldatnwp-dev.azurewebsites.net\/es\/wp-json\/wp\/v2\/product_cat?post=66993"},{"taxonomy":"product_tag","embeddable":true,"href":"https:\/\/teldatnwp-dev.azurewebsites.net\/es\/wp-json\/wp\/v2\/product_tag?post=66993"}],"curies":[{"name":"wp","href":"https:\/\/api.w.org\/{rel}","templated":true}]}}